{"id":233,"date":"2024-08-22T22:26:57","date_gmt":"2024-08-22T22:26:57","guid":{"rendered":"https:\/\/w3master.com.br\/modelo01\/?post_type=product&#038;p=233"},"modified":"2024-09-21T17:14:09","modified_gmt":"2024-09-21T20:14:09","slug":"vestido-longo-de-alca-copy-2","status":"publish","type":"product","link":"https:\/\/w3master.com.br\/modelo01\/product\/vestido-longo-de-alca-copy-2\/","title":{"rendered":"Vestido longo de al\u00e7a"},"content":{"rendered":"<p>Vestido feminino confeccionado em tecido plano de algod\u00e3o. A pe\u00e7a tem el\u00e1sticos embutidos na parte posterior que conferem caimento ajustado ao corpo. O comprimento \u00e9 midi com uma fenda frontal. O decote tem recorte que valoriza o busto e n\u00e3o possui bojo. As al\u00e7as s\u00e3o finas com regulagem. O fechamento \u00e9 posterior por z\u00edper. Tem forro feito do mesmo tecido na parte superior.<\/p>\n<p>Composi\u00e7\u00e3o: 100% Algod\u00e3o<\/p>\n","protected":false},"excerpt":{"rendered":"<p>Vestido feminino confeccionado em tecido plano de algod\u00e3o. A pe\u00e7a tem el\u00e1sticos embutidos na parte posterior que conferem caimento ajustado ao corpo. O comprimento \u00e9 midi com uma fenda frontal. O decote tem recorte que valoriza o busto e n\u00e3o possui bojo. As al\u00e7as s\u00e3o finas com regulagem. O fechamento \u00e9 posterior por z\u00edper. Tem [&hellip;]<\/p>\n","protected":false},"featured_media":201,"comment_status":"open","ping_status":"closed","template":"","meta":[],"product_cat":[18],"product_tag":[],"class_list":{"0":"post-233","1":"product","2":"type-product","3":"status-publish","4":"has-post-thumbnail","6":"product_cat-vestidos","8":"first","9":"instock","10":"shipping-taxable","11":"purchasable","12":"product-type-simple"},"_links":{"self":[{"href":"https:\/\/w3master.com.br\/modelo01\/wp-json\/wp\/v2\/product\/233"}],"collection":[{"href":"https:\/\/w3master.com.br\/modelo01\/wp-json\/wp\/v2\/product"}],"about":[{"href":"https:\/\/w3master.com.br\/modelo01\/wp-json\/wp\/v2\/types\/product"}],"replies":[{"embeddable":true,"href":"https:\/\/w3master.com.br\/modelo01\/wp-json\/wp\/v2\/comments?post=233"}],"wp:featuredmedia":[{"embeddable":true,"href":"https:\/\/w3master.com.br\/modelo01\/wp-json\/wp\/v2\/media\/201"}],"wp:attachment":[{"href":"https:\/\/w3master.com.br\/modelo01\/wp-json\/wp\/v2\/media?parent=233"}],"wp:term":[{"taxonomy":"product_cat","embeddable":true,"href":"https:\/\/w3master.com.br\/modelo01\/wp-json\/wp\/v2\/product_cat?post=233"},{"taxonomy":"product_tag","embeddable":true,"href":"https:\/\/w3master.com.br\/modelo01\/wp-json\/wp\/v2\/product_tag?post=233"}],"curies":[{"name":"wp","href":"https:\/\/api.w.org\/{rel}","templated":true}]}}