{"id":704,"date":"2024-09-24T20:05:17","date_gmt":"2024-09-24T23:05:17","guid":{"rendered":"https:\/\/w3master.com.br\/modelo02\/?post_type=product&#038;p=704"},"modified":"2024-09-24T20:38:15","modified_gmt":"2024-09-24T23:38:15","slug":"tv-50-led-aoc-roku-smart-4k-wifi-50u6125-78g","status":"publish","type":"product","link":"https:\/\/w3master.com.br\/modelo02\/product\/tv-50-led-aoc-roku-smart-4k-wifi-50u6125-78g\/","title":{"rendered":"Tv 50 Led Aoc Roku Smart 4K Wifi &#8211; 50U6125\/78G"},"content":{"rendered":"<p>Com a\u00a0<b>Smart TV LED 50U6125\/78G<\/b>\u00a0voc\u00ea ir\u00e1 desfrutar de todas as cenas em alt\u00edssima qualidade, com 50 polegadas e uma resolu\u00e7\u00e3o UHD 4K. Especialmente com HDR10+ e o Dolby Vision, que proporcionam muito mais brilho e contraste para voc\u00ea aproveitar ao m\u00e1ximo todos os seus conte\u00fados.<\/p>\n","protected":false},"excerpt":{"rendered":"<p>Com a\u00a0Smart TV LED 50U6125\/78G\u00a0voc\u00ea ir\u00e1 desfrutar de todas as cenas em alt\u00edssima qualidade, com 50 polegadas e uma resolu\u00e7\u00e3o UHD 4K. Especialmente com HDR10+ e o Dolby Vision, que proporcionam muito mais brilho e contraste para voc\u00ea aproveitar ao m\u00e1ximo todos os seus conte\u00fados.<\/p>\n","protected":false},"featured_media":705,"comment_status":"open","ping_status":"closed","template":"","meta":[],"product_cat":[56],"product_tag":[],"class_list":{"0":"post-704","1":"product","2":"type-product","3":"status-publish","4":"has-post-thumbnail","6":"product_cat-tvs","8":"first","9":"instock","10":"sale","11":"shipping-taxable","12":"purchasable","13":"product-type-simple"},"_links":{"self":[{"href":"https:\/\/w3master.com.br\/modelo02\/wp-json\/wp\/v2\/product\/704"}],"collection":[{"href":"https:\/\/w3master.com.br\/modelo02\/wp-json\/wp\/v2\/product"}],"about":[{"href":"https:\/\/w3master.com.br\/modelo02\/wp-json\/wp\/v2\/types\/product"}],"replies":[{"embeddable":true,"href":"https:\/\/w3master.com.br\/modelo02\/wp-json\/wp\/v2\/comments?post=704"}],"wp:featuredmedia":[{"embeddable":true,"href":"https:\/\/w3master.com.br\/modelo02\/wp-json\/wp\/v2\/media\/705"}],"wp:attachment":[{"href":"https:\/\/w3master.com.br\/modelo02\/wp-json\/wp\/v2\/media?parent=704"}],"wp:term":[{"taxonomy":"product_cat","embeddable":true,"href":"https:\/\/w3master.com.br\/modelo02\/wp-json\/wp\/v2\/product_cat?post=704"},{"taxonomy":"product_tag","embeddable":true,"href":"https:\/\/w3master.com.br\/modelo02\/wp-json\/wp\/v2\/product_tag?post=704"}],"curies":[{"name":"wp","href":"https:\/\/api.w.org\/{rel}","templated":true}]}}