{"id":706,"date":"2024-09-24T20:16:00","date_gmt":"2024-09-24T23:16:00","guid":{"rendered":"https:\/\/w3master.com.br\/modelo02\/?post_type=product&#038;p=706"},"modified":"2024-09-24T20:37:30","modified_gmt":"2024-09-24T23:37:30","slug":"smartphone-samsung-galaxy-a23-5g-128gb-4gb-ram-branco","status":"publish","type":"product","link":"https:\/\/w3master.com.br\/modelo02\/product\/smartphone-samsung-galaxy-a23-5g-128gb-4gb-ram-branco\/","title":{"rendered":"Smartphone Samsung Galaxy A23 5G 128GB 4GB Ram Branco"},"content":{"rendered":"","protected":false},"excerpt":{"rendered":"<p>O\u00a0<strong>Smartphone Samsung A23<\/strong>\u00a0\u00e9 sin\u00f4nimo de inova\u00e7\u00e3o e desempenho. Com a tecnologia 5G integrada, voc\u00ea poder\u00e1 desfrutar de uma velocidade super-r\u00e1pida para jogos, streaming e downloads, proporcionando uma experi\u00eancia de uso mais fluida e din\u00e2mica.<\/p>\n","protected":false},"featured_media":707,"comment_status":"open","ping_status":"closed","template":"","meta":[],"product_cat":[57],"product_tag":[],"class_list":{"0":"post-706","1":"product","2":"type-product","3":"status-publish","4":"has-post-thumbnail","6":"product_cat-celulares","8":"first","9":"instock","10":"shipping-taxable","11":"purchasable","12":"product-type-simple"},"_links":{"self":[{"href":"https:\/\/w3master.com.br\/modelo02\/wp-json\/wp\/v2\/product\/706"}],"collection":[{"href":"https:\/\/w3master.com.br\/modelo02\/wp-json\/wp\/v2\/product"}],"about":[{"href":"https:\/\/w3master.com.br\/modelo02\/wp-json\/wp\/v2\/types\/product"}],"replies":[{"embeddable":true,"href":"https:\/\/w3master.com.br\/modelo02\/wp-json\/wp\/v2\/comments?post=706"}],"wp:featuredmedia":[{"embeddable":true,"href":"https:\/\/w3master.com.br\/modelo02\/wp-json\/wp\/v2\/media\/707"}],"wp:attachment":[{"href":"https:\/\/w3master.com.br\/modelo02\/wp-json\/wp\/v2\/media?parent=706"}],"wp:term":[{"taxonomy":"product_cat","embeddable":true,"href":"https:\/\/w3master.com.br\/modelo02\/wp-json\/wp\/v2\/product_cat?post=706"},{"taxonomy":"product_tag","embeddable":true,"href":"https:\/\/w3master.com.br\/modelo02\/wp-json\/wp\/v2\/product_tag?post=706"}],"curies":[{"name":"wp","href":"https:\/\/api.w.org\/{rel}","templated":true}]}}