{"id":713,"date":"2024-09-24T20:20:19","date_gmt":"2024-09-24T23:20:19","guid":{"rendered":"https:\/\/w3master.com.br\/modelo02\/?post_type=product&#038;p=713"},"modified":"2024-09-24T20:37:30","modified_gmt":"2024-09-24T23:37:30","slug":"smartphone-samsung-galaxy-s23-ultra-5g-512gb-12gb-ram-tela-infinita-de-6-8-dual-chip-preto","status":"publish","type":"product","link":"https:\/\/w3master.com.br\/modelo02\/product\/smartphone-samsung-galaxy-s23-ultra-5g-512gb-12gb-ram-tela-infinita-de-6-8-dual-chip-preto\/","title":{"rendered":"Smartphone Samsung Galaxy S23 Ultra 5G, 512GB, 12GB RAM, Tela Infinita De 6.8&#8243; Dual Chip Preto"},"content":{"rendered":"","protected":false},"excerpt":{"rendered":"<p>Sua c\u00e2mera principal de 50MP permite que voc\u00ea capture momentos com riqueza de detalhes e qualidade excepcional. Al\u00e9m disso, a bateria de 5000mAh oferece uma autonomia incr\u00edvel, permitindo que voc\u00ea fa\u00e7a transmiss\u00f5es ao vivo, compartilhe conte\u00fado e jogue sem se preocupar em recarregar constantemente.<\/p>\n<p>A tela Infinita de 6.6&#8243; com taxa de atualiza\u00e7\u00e3o de 120Hz proporciona uma experi\u00eancia visual envolvente, ideal para assistir v\u00eddeos, jogar games e navegar na internet com fluidez.<\/p>\n","protected":false},"featured_media":714,"comment_status":"open","ping_status":"closed","template":"","meta":[],"product_cat":[57],"product_tag":[],"class_list":{"0":"post-713","1":"product","2":"type-product","3":"status-publish","4":"has-post-thumbnail","6":"product_cat-celulares","8":"first","9":"instock","10":"shipping-taxable","11":"purchasable","12":"product-type-simple"},"_links":{"self":[{"href":"https:\/\/w3master.com.br\/modelo02\/wp-json\/wp\/v2\/product\/713"}],"collection":[{"href":"https:\/\/w3master.com.br\/modelo02\/wp-json\/wp\/v2\/product"}],"about":[{"href":"https:\/\/w3master.com.br\/modelo02\/wp-json\/wp\/v2\/types\/product"}],"replies":[{"embeddable":true,"href":"https:\/\/w3master.com.br\/modelo02\/wp-json\/wp\/v2\/comments?post=713"}],"wp:featuredmedia":[{"embeddable":true,"href":"https:\/\/w3master.com.br\/modelo02\/wp-json\/wp\/v2\/media\/714"}],"wp:attachment":[{"href":"https:\/\/w3master.com.br\/modelo02\/wp-json\/wp\/v2\/media?parent=713"}],"wp:term":[{"taxonomy":"product_cat","embeddable":true,"href":"https:\/\/w3master.com.br\/modelo02\/wp-json\/wp\/v2\/product_cat?post=713"},{"taxonomy":"product_tag","embeddable":true,"href":"https:\/\/w3master.com.br\/modelo02\/wp-json\/wp\/v2\/product_tag?post=713"}],"curies":[{"name":"wp","href":"https:\/\/api.w.org\/{rel}","templated":true}]}}