{"id":715,"date":"2024-09-24T20:23:26","date_gmt":"2024-09-24T23:23:26","guid":{"rendered":"https:\/\/w3master.com.br\/modelo02\/?post_type=product&#038;p=715"},"modified":"2024-09-24T20:37:30","modified_gmt":"2024-09-24T23:37:30","slug":"redmi-note-11-pro-5g-6gb-ram-128gb-global-carregador-turbo-120w-verde","status":"publish","type":"product","link":"https:\/\/w3master.com.br\/modelo02\/product\/redmi-note-11-pro-5g-6gb-ram-128gb-global-carregador-turbo-120w-verde\/","title":{"rendered":"Redmi Note 11 Pro+ 5G 6GB Ram 128GB GLOBAL Carregador Turbo 120W -Verde"},"content":{"rendered":"","protected":false},"excerpt":{"rendered":"<p style=\"font-weight: 400;\"><span style=\"font-weight: 400;\">Smartphone Xiaomi Redmi Note 11 Pro+ 5g 128gb 6gb Ram<\/span><\/p>\n<p><span style=\"font-weight: 400;\">Redmi Note 11 Pro+ 5G chega trazendo um conjunto espetacular de 3 c\u00e2meras que entregam tudo o que voc\u00ea espera de imagens incr\u00edveis.<\/span><\/p>\n<p><span style=\"font-weight: 400;\">C\u00e2mera principal de 108MP possui um sensor que captura fotografias em alta resolu\u00e7\u00e3o, cores v\u00edvidas e muita nitidez dia e noite<\/span>.<\/p>\n","protected":false},"featured_media":716,"comment_status":"open","ping_status":"closed","template":"","meta":[],"product_cat":[57],"product_tag":[],"class_list":{"0":"post-715","1":"product","2":"type-product","3":"status-publish","4":"has-post-thumbnail","6":"product_cat-celulares","8":"first","9":"instock","10":"sale","11":"shipping-taxable","12":"purchasable","13":"product-type-simple"},"_links":{"self":[{"href":"https:\/\/w3master.com.br\/modelo02\/wp-json\/wp\/v2\/product\/715"}],"collection":[{"href":"https:\/\/w3master.com.br\/modelo02\/wp-json\/wp\/v2\/product"}],"about":[{"href":"https:\/\/w3master.com.br\/modelo02\/wp-json\/wp\/v2\/types\/product"}],"replies":[{"embeddable":true,"href":"https:\/\/w3master.com.br\/modelo02\/wp-json\/wp\/v2\/comments?post=715"}],"wp:featuredmedia":[{"embeddable":true,"href":"https:\/\/w3master.com.br\/modelo02\/wp-json\/wp\/v2\/media\/716"}],"wp:attachment":[{"href":"https:\/\/w3master.com.br\/modelo02\/wp-json\/wp\/v2\/media?parent=715"}],"wp:term":[{"taxonomy":"product_cat","embeddable":true,"href":"https:\/\/w3master.com.br\/modelo02\/wp-json\/wp\/v2\/product_cat?post=715"},{"taxonomy":"product_tag","embeddable":true,"href":"https:\/\/w3master.com.br\/modelo02\/wp-json\/wp\/v2\/product_tag?post=715"}],"curies":[{"name":"wp","href":"https:\/\/api.w.org\/{rel}","templated":true}]}}