{"id":723,"date":"2024-09-24T20:38:51","date_gmt":"2024-09-24T23:38:51","guid":{"rendered":"https:\/\/w3master.com.br\/modelo02\/?post_type=product&#038;p=723"},"modified":"2024-09-24T20:46:25","modified_gmt":"2024-09-24T23:46:25","slug":"smartwatch-galaxy-watch-7-44mm-l310-tela-1-47-nfc-verde-samsung","status":"publish","type":"product","link":"https:\/\/w3master.com.br\/modelo02\/product\/smartwatch-galaxy-watch-7-44mm-l310-tela-1-47-nfc-verde-samsung\/","title":{"rendered":"Smartwatch Galaxy Watch 7 44mm L310 Tela 1.47&#8243; NFC Verde &#8211; Samsung"},"content":{"rendered":"","protected":false},"excerpt":{"rendered":"<p>Com o recurso Alexa da Amazon no seu rel\u00f3gio, voc\u00ea pode facilmente definir alarmes, fazer perguntas, obter uma tradu\u00e7\u00e3o e muito mais. Com o sistema operacional Zepp fluido e de baixo consumo de energia, mais de 10 mini aplicativos, incluindo aplicativos de terceiros Home Connect, ajudam a melhorar sua vida di\u00e1ria.<\/p>\n","protected":false},"featured_media":724,"comment_status":"open","ping_status":"closed","template":"","meta":[],"product_cat":[58],"product_tag":[],"class_list":{"0":"post-723","1":"product","2":"type-product","3":"status-publish","4":"has-post-thumbnail","6":"product_cat-smartwatch","8":"first","9":"instock","10":"sale","11":"shipping-taxable","12":"purchasable","13":"product-type-simple"},"_links":{"self":[{"href":"https:\/\/w3master.com.br\/modelo02\/wp-json\/wp\/v2\/product\/723"}],"collection":[{"href":"https:\/\/w3master.com.br\/modelo02\/wp-json\/wp\/v2\/product"}],"about":[{"href":"https:\/\/w3master.com.br\/modelo02\/wp-json\/wp\/v2\/types\/product"}],"replies":[{"embeddable":true,"href":"https:\/\/w3master.com.br\/modelo02\/wp-json\/wp\/v2\/comments?post=723"}],"wp:featuredmedia":[{"embeddable":true,"href":"https:\/\/w3master.com.br\/modelo02\/wp-json\/wp\/v2\/media\/724"}],"wp:attachment":[{"href":"https:\/\/w3master.com.br\/modelo02\/wp-json\/wp\/v2\/media?parent=723"}],"wp:term":[{"taxonomy":"product_cat","embeddable":true,"href":"https:\/\/w3master.com.br\/modelo02\/wp-json\/wp\/v2\/product_cat?post=723"},{"taxonomy":"product_tag","embeddable":true,"href":"https:\/\/w3master.com.br\/modelo02\/wp-json\/wp\/v2\/product_tag?post=723"}],"curies":[{"name":"wp","href":"https:\/\/api.w.org\/{rel}","templated":true}]}}