{"id":725,"date":"2024-09-24T20:41:17","date_gmt":"2024-09-24T23:41:17","guid":{"rendered":"https:\/\/w3master.com.br\/modelo02\/?post_type=product&#038;p=725"},"modified":"2024-09-24T20:46:25","modified_gmt":"2024-09-24T23:46:25","slug":"smartwatch-i2go-track-go-com-alexa-integrada-faca-e-atenda-chamadas-tela-169","status":"publish","type":"product","link":"https:\/\/w3master.com.br\/modelo02\/product\/smartwatch-i2go-track-go-com-alexa-integrada-faca-e-atenda-chamadas-tela-169\/","title":{"rendered":"Smartwatch i2GO Track GO com Alexa Integrada, Fa\u00e7a e Atenda Chamadas, Tela 1,69&#8243;"},"content":{"rendered":"","protected":false},"excerpt":{"rendered":"<p>Tela de TFT LCD : Desfrute de uma experi\u00eancia visual extraordin\u00e1ria com uma tela de TFT LCD Touch HD de 1,69 polegadas. Com resolu\u00e7\u00e3o de 240*280, ela oferece opera\u00e7\u00f5es suaves e uma reprodu\u00e7\u00e3o de cores impressionante, gra\u00e7as \u00e0 sua elevada satura\u00e7\u00e3o<\/p>\n","protected":false},"featured_media":726,"comment_status":"open","ping_status":"closed","template":"","meta":[],"product_cat":[58],"product_tag":[],"class_list":{"0":"post-725","1":"product","2":"type-product","3":"status-publish","4":"has-post-thumbnail","6":"product_cat-smartwatch","8":"first","9":"instock","10":"sale","11":"shipping-taxable","12":"purchasable","13":"product-type-simple"},"_links":{"self":[{"href":"https:\/\/w3master.com.br\/modelo02\/wp-json\/wp\/v2\/product\/725"}],"collection":[{"href":"https:\/\/w3master.com.br\/modelo02\/wp-json\/wp\/v2\/product"}],"about":[{"href":"https:\/\/w3master.com.br\/modelo02\/wp-json\/wp\/v2\/types\/product"}],"replies":[{"embeddable":true,"href":"https:\/\/w3master.com.br\/modelo02\/wp-json\/wp\/v2\/comments?post=725"}],"wp:featuredmedia":[{"embeddable":true,"href":"https:\/\/w3master.com.br\/modelo02\/wp-json\/wp\/v2\/media\/726"}],"wp:attachment":[{"href":"https:\/\/w3master.com.br\/modelo02\/wp-json\/wp\/v2\/media?parent=725"}],"wp:term":[{"taxonomy":"product_cat","embeddable":true,"href":"https:\/\/w3master.com.br\/modelo02\/wp-json\/wp\/v2\/product_cat?post=725"},{"taxonomy":"product_tag","embeddable":true,"href":"https:\/\/w3master.com.br\/modelo02\/wp-json\/wp\/v2\/product_tag?post=725"}],"curies":[{"name":"wp","href":"https:\/\/api.w.org\/{rel}","templated":true}]}}