{"id":727,"date":"2024-09-24T20:46:00","date_gmt":"2024-09-24T23:46:00","guid":{"rendered":"https:\/\/w3master.com.br\/modelo02\/?post_type=product&#038;p=727"},"modified":"2024-09-24T20:46:53","modified_gmt":"2024-09-24T23:46:53","slug":"apple-watch-series-9-gps-41-mm-caixa-meia-noite-de-aluminio-com-pulseira-esportiva-meia-noite","status":"publish","type":"product","link":"https:\/\/w3master.com.br\/modelo02\/product\/apple-watch-series-9-gps-41-mm-caixa-meia-noite-de-aluminio-com-pulseira-esportiva-meia-noite\/","title":{"rendered":"Apple Watch Series 9 (GPS 41 mm) Caixa Meia-noite De Alum\u00ednio Com Pulseira Esportiva Meia-noite"},"content":{"rendered":"","protected":false},"excerpt":{"rendered":"<p>Chamadas: Fa\u00e7a e atenda liga\u00e7\u00f5es diretamente no Smartwatch, al\u00e9m de armazenar at\u00e9 10 contatos e otimizar suas liga\u00e7\u00f5es no dia a dia. Para aproveitar essa funcionalidade, certifique-se de conectar o smartwatch ao smartphone e estar a uma dist\u00e2ncia m\u00e1xima de 10 metros. Esta a\u00e7\u00e3o ir\u00e1 garantir um fluxo de comunica\u00e7\u00e3o eficiente e produtiva<\/p>\n","protected":false},"featured_media":728,"comment_status":"open","ping_status":"closed","template":"","meta":[],"product_cat":[58],"product_tag":[],"class_list":{"0":"post-727","1":"product","2":"type-product","3":"status-publish","4":"has-post-thumbnail","6":"product_cat-smartwatch","8":"first","9":"instock","10":"shipping-taxable","11":"purchasable","12":"product-type-simple"},"_links":{"self":[{"href":"https:\/\/w3master.com.br\/modelo02\/wp-json\/wp\/v2\/product\/727"}],"collection":[{"href":"https:\/\/w3master.com.br\/modelo02\/wp-json\/wp\/v2\/product"}],"about":[{"href":"https:\/\/w3master.com.br\/modelo02\/wp-json\/wp\/v2\/types\/product"}],"replies":[{"embeddable":true,"href":"https:\/\/w3master.com.br\/modelo02\/wp-json\/wp\/v2\/comments?post=727"}],"wp:featuredmedia":[{"embeddable":true,"href":"https:\/\/w3master.com.br\/modelo02\/wp-json\/wp\/v2\/media\/728"}],"wp:attachment":[{"href":"https:\/\/w3master.com.br\/modelo02\/wp-json\/wp\/v2\/media?parent=727"}],"wp:term":[{"taxonomy":"product_cat","embeddable":true,"href":"https:\/\/w3master.com.br\/modelo02\/wp-json\/wp\/v2\/product_cat?post=727"},{"taxonomy":"product_tag","embeddable":true,"href":"https:\/\/w3master.com.br\/modelo02\/wp-json\/wp\/v2\/product_tag?post=727"}],"curies":[{"name":"wp","href":"https:\/\/api.w.org\/{rel}","templated":true}]}}