{"id":731,"date":"2024-09-24T20:48:40","date_gmt":"2024-09-24T23:48:40","guid":{"rendered":"https:\/\/w3master.com.br\/modelo02\/?post_type=product&#038;p=731"},"modified":"2024-09-24T20:56:42","modified_gmt":"2024-09-24T23:56:42","slug":"notebook-gamer-acer-nitro-v15-intel-core-i5-13420h-8gb-ram-rtx-3050-ssd-512gb-15-6-led-windows-11","status":"publish","type":"product","link":"https:\/\/w3master.com.br\/modelo02\/product\/notebook-gamer-acer-nitro-v15-intel-core-i5-13420h-8gb-ram-rtx-3050-ssd-512gb-15-6-led-windows-11\/","title":{"rendered":"Notebook Gamer Acer Nitro V15 Intel Core i5-13420H, 8GB RAM, RTX 3050, Ssd 512GB, 15.6&#8243; Led, Windows 11"},"content":{"rendered":"","protected":false},"excerpt":{"rendered":"<p>Nada pode te parar com o\u00a0<strong>Intel Core i5-13420H de 13\u00aa gera\u00e7\u00e3o<\/strong>\u00a0deste notebook. Juntamente com\u00a0<strong>8 GB de mem\u00f3ria RAM<\/strong>, expans\u00edvel\u00a0<strong>at\u00e9 32 GB<\/strong>, o processador te leva aos n\u00edveis mais avan\u00e7ados de games e cria\u00e7\u00e3o de conte\u00fado.<\/p>\n","protected":false},"featured_media":729,"comment_status":"open","ping_status":"closed","template":"","meta":[],"product_cat":[59],"product_tag":[],"class_list":{"0":"post-731","1":"product","2":"type-product","3":"status-publish","4":"has-post-thumbnail","6":"product_cat-notebooks","8":"first","9":"instock","10":"sale","11":"shipping-taxable","12":"purchasable","13":"product-type-simple"},"_links":{"self":[{"href":"https:\/\/w3master.com.br\/modelo02\/wp-json\/wp\/v2\/product\/731"}],"collection":[{"href":"https:\/\/w3master.com.br\/modelo02\/wp-json\/wp\/v2\/product"}],"about":[{"href":"https:\/\/w3master.com.br\/modelo02\/wp-json\/wp\/v2\/types\/product"}],"replies":[{"embeddable":true,"href":"https:\/\/w3master.com.br\/modelo02\/wp-json\/wp\/v2\/comments?post=731"}],"wp:featuredmedia":[{"embeddable":true,"href":"https:\/\/w3master.com.br\/modelo02\/wp-json\/wp\/v2\/media\/729"}],"wp:attachment":[{"href":"https:\/\/w3master.com.br\/modelo02\/wp-json\/wp\/v2\/media?parent=731"}],"wp:term":[{"taxonomy":"product_cat","embeddable":true,"href":"https:\/\/w3master.com.br\/modelo02\/wp-json\/wp\/v2\/product_cat?post=731"},{"taxonomy":"product_tag","embeddable":true,"href":"https:\/\/w3master.com.br\/modelo02\/wp-json\/wp\/v2\/product_tag?post=731"}],"curies":[{"name":"wp","href":"https:\/\/api.w.org\/{rel}","templated":true}]}}