{"id":736,"date":"2024-09-24T20:55:55","date_gmt":"2024-09-24T23:55:55","guid":{"rendered":"https:\/\/w3master.com.br\/modelo02\/?post_type=product&#038;p=736"},"modified":"2024-09-24T20:56:42","modified_gmt":"2024-09-24T23:56:42","slug":"notebook-samsung-book-intel-core-i3-1115g4-windows-10-home-4gb-1tb-15-6-fhd-led-np550xda-kt2br-branco","status":"publish","type":"product","link":"https:\/\/w3master.com.br\/modelo02\/product\/notebook-samsung-book-intel-core-i3-1115g4-windows-10-home-4gb-1tb-15-6-fhd-led-np550xda-kt2br-branco\/","title":{"rendered":"Notebook Samsung Book Intel\u00ae Core i3-1115G4, Windows 10 Home, 4GB, 1TB, 15.6&#8221; FHD LED, NP550XDA-KT2BR | Branco"},"content":{"rendered":"","protected":false},"excerpt":{"rendered":"<p>O Samsung Book possui uma arquitetura de \u00faltima gera\u00e7\u00e3o e design elegante para quem busca qualidade, desempenho e prote\u00e7\u00e3o do investimento. Conta com portas de acesso \u00e0 mem\u00f3ria e unidade de armazenamento, facilitando o upgrade e proporcionando mais longevidade ao sistema.<\/p>\n","protected":false},"featured_media":737,"comment_status":"open","ping_status":"closed","template":"","meta":[],"product_cat":[59],"product_tag":[],"class_list":{"0":"post-736","1":"product","2":"type-product","3":"status-publish","4":"has-post-thumbnail","6":"product_cat-notebooks","8":"first","9":"instock","10":"shipping-taxable","11":"purchasable","12":"product-type-simple"},"_links":{"self":[{"href":"https:\/\/w3master.com.br\/modelo02\/wp-json\/wp\/v2\/product\/736"}],"collection":[{"href":"https:\/\/w3master.com.br\/modelo02\/wp-json\/wp\/v2\/product"}],"about":[{"href":"https:\/\/w3master.com.br\/modelo02\/wp-json\/wp\/v2\/types\/product"}],"replies":[{"embeddable":true,"href":"https:\/\/w3master.com.br\/modelo02\/wp-json\/wp\/v2\/comments?post=736"}],"wp:featuredmedia":[{"embeddable":true,"href":"https:\/\/w3master.com.br\/modelo02\/wp-json\/wp\/v2\/media\/737"}],"wp:attachment":[{"href":"https:\/\/w3master.com.br\/modelo02\/wp-json\/wp\/v2\/media?parent=736"}],"wp:term":[{"taxonomy":"product_cat","embeddable":true,"href":"https:\/\/w3master.com.br\/modelo02\/wp-json\/wp\/v2\/product_cat?post=736"},{"taxonomy":"product_tag","embeddable":true,"href":"https:\/\/w3master.com.br\/modelo02\/wp-json\/wp\/v2\/product_tag?post=736"}],"curies":[{"name":"wp","href":"https:\/\/api.w.org\/{rel}","templated":true}]}}