{"id":738,"date":"2024-09-24T21:02:19","date_gmt":"2024-09-25T00:02:19","guid":{"rendered":"https:\/\/w3master.com.br\/modelo02\/?post_type=product&#038;p=738"},"modified":"2024-09-24T21:02:32","modified_gmt":"2024-09-25T00:02:32","slug":"tablet-samsung-galaxy-tab-s6-lite-wi-fi-com-caneta-s-pen-64gb-tela-10-4-processador-octa-core","status":"publish","type":"product","link":"https:\/\/w3master.com.br\/modelo02\/product\/tablet-samsung-galaxy-tab-s6-lite-wi-fi-com-caneta-s-pen-64gb-tela-10-4-processador-octa-core\/","title":{"rendered":"Tablet Samsung Galaxy Tab S6 Lite Wi-Fi com Caneta S Pen, 64GB, Tela 10.4&#8243;, Processador Octa Core"},"content":{"rendered":"","protected":false},"excerpt":{"rendered":"<p>S6 Lite conta com suporte para cart\u00e3o de mem\u00f3ria. Pensando no desempenho esse Galaxy Tab \u00e9 equipado com Mem\u00f3ria RAM de 4GB, processador Octa-Core (2.3GHz + 1.8 GHz) e Sistema Operacional Android 13.<\/p>\n","protected":false},"featured_media":739,"comment_status":"open","ping_status":"closed","template":"","meta":[],"product_cat":[60],"product_tag":[],"class_list":{"0":"post-738","1":"product","2":"type-product","3":"status-publish","4":"has-post-thumbnail","6":"product_cat-tablets","8":"first","9":"instock","10":"sale","11":"shipping-taxable","12":"purchasable","13":"product-type-simple"},"_links":{"self":[{"href":"https:\/\/w3master.com.br\/modelo02\/wp-json\/wp\/v2\/product\/738"}],"collection":[{"href":"https:\/\/w3master.com.br\/modelo02\/wp-json\/wp\/v2\/product"}],"about":[{"href":"https:\/\/w3master.com.br\/modelo02\/wp-json\/wp\/v2\/types\/product"}],"replies":[{"embeddable":true,"href":"https:\/\/w3master.com.br\/modelo02\/wp-json\/wp\/v2\/comments?post=738"}],"wp:featuredmedia":[{"embeddable":true,"href":"https:\/\/w3master.com.br\/modelo02\/wp-json\/wp\/v2\/media\/739"}],"wp:attachment":[{"href":"https:\/\/w3master.com.br\/modelo02\/wp-json\/wp\/v2\/media?parent=738"}],"wp:term":[{"taxonomy":"product_cat","embeddable":true,"href":"https:\/\/w3master.com.br\/modelo02\/wp-json\/wp\/v2\/product_cat?post=738"},{"taxonomy":"product_tag","embeddable":true,"href":"https:\/\/w3master.com.br\/modelo02\/wp-json\/wp\/v2\/product_tag?post=738"}],"curies":[{"name":"wp","href":"https:\/\/api.w.org\/{rel}","templated":true}]}}