{"id":745,"date":"2024-09-24T21:06:56","date_gmt":"2024-09-25T00:06:56","guid":{"rendered":"https:\/\/w3master.com.br\/modelo02\/?post_type=product&#038;p=745"},"modified":"2024-09-24T21:07:40","modified_gmt":"2024-09-25T00:07:40","slug":"tablet-samsung-galaxy-tab-a9-tela-11-wi-fi-64gb-4gb-ram-grafite","status":"publish","type":"product","link":"https:\/\/w3master.com.br\/modelo02\/product\/tablet-samsung-galaxy-tab-a9-tela-11-wi-fi-64gb-4gb-ram-grafite\/","title":{"rendered":"Tablet Samsung Galaxy Tab A9+ Tela 11&#8243; Wi-Fi 64Gb\/4Gb Ram &#8211; Grafite"},"content":{"rendered":"","protected":false},"excerpt":{"rendered":"<p>Elegantes com um toque descontra\u00eddo, o Galaxy Tab A9 e o Tab A9+ t\u00eam design refinado e um corpo met\u00e1lico liso. Encontre o design exclusivo da Samsung para tablets na cor Grafite, destacando o charme com naturalidade.<\/p>\n","protected":false},"featured_media":746,"comment_status":"open","ping_status":"closed","template":"","meta":[],"product_cat":[60],"product_tag":[],"class_list":{"0":"post-745","1":"product","2":"type-product","3":"status-publish","4":"has-post-thumbnail","6":"product_cat-tablets","8":"first","9":"instock","10":"shipping-taxable","11":"purchasable","12":"product-type-simple"},"_links":{"self":[{"href":"https:\/\/w3master.com.br\/modelo02\/wp-json\/wp\/v2\/product\/745"}],"collection":[{"href":"https:\/\/w3master.com.br\/modelo02\/wp-json\/wp\/v2\/product"}],"about":[{"href":"https:\/\/w3master.com.br\/modelo02\/wp-json\/wp\/v2\/types\/product"}],"replies":[{"embeddable":true,"href":"https:\/\/w3master.com.br\/modelo02\/wp-json\/wp\/v2\/comments?post=745"}],"wp:featuredmedia":[{"embeddable":true,"href":"https:\/\/w3master.com.br\/modelo02\/wp-json\/wp\/v2\/media\/746"}],"wp:attachment":[{"href":"https:\/\/w3master.com.br\/modelo02\/wp-json\/wp\/v2\/media?parent=745"}],"wp:term":[{"taxonomy":"product_cat","embeddable":true,"href":"https:\/\/w3master.com.br\/modelo02\/wp-json\/wp\/v2\/product_cat?post=745"},{"taxonomy":"product_tag","embeddable":true,"href":"https:\/\/w3master.com.br\/modelo02\/wp-json\/wp\/v2\/product_tag?post=745"}],"curies":[{"name":"wp","href":"https:\/\/api.w.org\/{rel}","templated":true}]}}