{"id":614,"date":"2024-08-30T23:50:39","date_gmt":"2024-08-30T23:50:39","guid":{"rendered":"https:\/\/w3master.com.br\/modelo03\/?page_id=614"},"modified":"2024-08-31T00:04:47","modified_gmt":"2024-08-31T00:04:47","slug":"categorias","status":"publish","type":"page","link":"https:\/\/w3master.com.br\/modelo03\/categorias\/","title":{"rendered":"Categorias"},"content":{"rendered":"\t\t<div data-elementor-type=\"wp-page\" data-elementor-id=\"614\" class=\"elementor elementor-614\" data-elementor-post-type=\"page\">\n\t\t\t\t<div data-particle_enable=\"false\" data-particle-mobile-disabled=\"false\" class=\"elementor-element elementor-element-fe48865 e-flex e-con-boxed e-con e-parent\" data-id=\"fe48865\" data-element_type=\"container\">\n\t\t\t\t\t<div class=\"e-con-inner\">\n\t\t\t\t<div class=\"elementor-element elementor-element-eb381fd elementor-widget elementor-widget-jet-woo-widgets-categories\" data-id=\"eb381fd\" data-element_type=\"widget\" data-widget_type=\"jet-woo-widgets-categories.default\">\n\t\t\t\t<div class=\"elementor-widget-container\">\n\t\t\t<div class=\"elementor-jet-woo-widgets-categories jet-woo-widgets\">\n<div class=\"jet-woo-categories jet-woo-categories--preset-5 col-row  jet-equal-cols\">\n<div class=\"jet-woo-categories__item\">\n\t<div class=\"jet-woo-categories__inner-box\">\n\t\t\n<div class=\"jet-woo-categories-thumbnail__wrap\"><div class=\"jet-woo-category-thumbnail\">\n\t<a href=\"https:\/\/w3master.com.br\/modelo03\/product-category\/cabelos\/\" rel=\"bookmark\"><img fetchpriority=\"high\" decoding=\"async\" width=\"300\" height=\"300\" src=\"https:\/\/w3master.com.br\/modelo03\/wp-content\/uploads\/2024\/08\/Kit-Completao-Hidratacao-Profunda-300x300.jpg\" class=\"attachment-woocommerce_thumbnail size-woocommerce_thumbnail\" alt=\"Kit Complet\u00e3o Hidrata\u00e7\u00e3o Profunda\" srcset=\"https:\/\/w3master.com.br\/modelo03\/wp-content\/uploads\/2024\/08\/Kit-Completao-Hidratacao-Profunda-300x300.jpg 300w, https:\/\/w3master.com.br\/modelo03\/wp-content\/uploads\/2024\/08\/Kit-Completao-Hidratacao-Profunda-150x150.jpg 150w, https:\/\/w3master.com.br\/modelo03\/wp-content\/uploads\/2024\/08\/Kit-Completao-Hidratacao-Profunda-768x768.jpg 768w, https:\/\/w3master.com.br\/modelo03\/wp-content\/uploads\/2024\/08\/Kit-Completao-Hidratacao-Profunda-12x12.jpg 12w, https:\/\/w3master.com.br\/modelo03\/wp-content\/uploads\/2024\/08\/Kit-Completao-Hidratacao-Profunda-600x600.jpg 600w, https:\/\/w3master.com.br\/modelo03\/wp-content\/uploads\/2024\/08\/Kit-Completao-Hidratacao-Profunda-100x100.jpg 100w, https:\/\/w3master.com.br\/modelo03\/wp-content\/uploads\/2024\/08\/Kit-Completao-Hidratacao-Profunda.jpg 800w\" sizes=\"(max-width: 300px) 100vw, 300px\" \/><\/a>\n\t<div class=\"jet-woo-category-img-overlay\"><\/div>\n\t<div class=\"jet-woo-category-img-overlay__hover\"><\/div>\n<\/div>\n<\/div>\n<div class=\"jet-woo-categories-content\">\n\t<div class=\"jet-woo-category-content__inner\">\n\t  \n<div class=\"jet-woo-category-title\">\n\t<a href=\"https:\/\/w3master.com.br\/modelo03\/product-category\/cabelos\/\" class=\"jet-woo-category-title__link\">Cabelos<\/a>\n<\/div>\n\t<\/div>\n\t<div class=\"jet-woo-category-count__wrap\"><\/div>\n<\/div>\t<\/div>\n<\/div><div class=\"jet-woo-categories__item\">\n\t<div class=\"jet-woo-categories__inner-box\">\n\t\t\n<div class=\"jet-woo-categories-thumbnail__wrap\"><div class=\"jet-woo-category-thumbnail\">\n\t<a href=\"https:\/\/w3master.com.br\/modelo03\/product-category\/corporal\/\" rel=\"bookmark\"><img decoding=\"async\" width=\"300\" height=\"300\" src=\"https:\/\/w3master.com.br\/modelo03\/wp-content\/uploads\/2024\/09\/Kit-Oleo-Desodorante-Corporal-Seve-Amendoas-e-Cereja-300x300.jpg\" class=\"attachment-woocommerce_thumbnail size-woocommerce_thumbnail\" alt=\"\" srcset=\"https:\/\/w3master.com.br\/modelo03\/wp-content\/uploads\/2024\/09\/Kit-Oleo-Desodorante-Corporal-Seve-Amendoas-e-Cereja-300x300.jpg 300w, https:\/\/w3master.com.br\/modelo03\/wp-content\/uploads\/2024\/09\/Kit-Oleo-Desodorante-Corporal-Seve-Amendoas-e-Cereja-150x150.jpg 150w, https:\/\/w3master.com.br\/modelo03\/wp-content\/uploads\/2024\/09\/Kit-Oleo-Desodorante-Corporal-Seve-Amendoas-e-Cereja-12x12.jpg 12w, https:\/\/w3master.com.br\/modelo03\/wp-content\/uploads\/2024\/09\/Kit-Oleo-Desodorante-Corporal-Seve-Amendoas-e-Cereja-100x100.jpg 100w, https:\/\/w3master.com.br\/modelo03\/wp-content\/uploads\/2024\/09\/Kit-Oleo-Desodorante-Corporal-Seve-Amendoas-e-Cereja.jpg 600w\" sizes=\"(max-width: 300px) 100vw, 300px\" \/><\/a>\n\t<div class=\"jet-woo-category-img-overlay\"><\/div>\n\t<div class=\"jet-woo-category-img-overlay__hover\"><\/div>\n<\/div>\n<\/div>\n<div class=\"jet-woo-categories-content\">\n\t<div class=\"jet-woo-category-content__inner\">\n\t  \n<div class=\"jet-woo-category-title\">\n\t<a href=\"https:\/\/w3master.com.br\/modelo03\/product-category\/corporal\/\" class=\"jet-woo-category-title__link\">Corporal<\/a>\n<\/div>\n\t<\/div>\n\t<div class=\"jet-woo-category-count__wrap\"><\/div>\n<\/div>\t<\/div>\n<\/div><div class=\"jet-woo-categories__item\">\n\t<div class=\"jet-woo-categories__inner-box\">\n\t\t\n<div class=\"jet-woo-categories-thumbnail__wrap\"><div class=\"jet-woo-category-thumbnail\">\n\t<a href=\"https:\/\/w3master.com.br\/modelo03\/product-category\/maquiagem\/\" rel=\"bookmark\"><img decoding=\"async\" width=\"300\" height=\"300\" src=\"https:\/\/w3master.com.br\/modelo03\/wp-content\/uploads\/2024\/09\/Paleta-De-Sombras-Para-Olhos-300x300.jpg\" class=\"attachment-woocommerce_thumbnail size-woocommerce_thumbnail\" alt=\"Paleta De Sombras Para Olhos\" srcset=\"https:\/\/w3master.com.br\/modelo03\/wp-content\/uploads\/2024\/09\/Paleta-De-Sombras-Para-Olhos-300x300.jpg 300w, https:\/\/w3master.com.br\/modelo03\/wp-content\/uploads\/2024\/09\/Paleta-De-Sombras-Para-Olhos-150x150.jpg 150w, https:\/\/w3master.com.br\/modelo03\/wp-content\/uploads\/2024\/09\/Paleta-De-Sombras-Para-Olhos-768x768.jpg 768w, https:\/\/w3master.com.br\/modelo03\/wp-content\/uploads\/2024\/09\/Paleta-De-Sombras-Para-Olhos-12x12.jpg 12w, https:\/\/w3master.com.br\/modelo03\/wp-content\/uploads\/2024\/09\/Paleta-De-Sombras-Para-Olhos-600x600.jpg 600w, https:\/\/w3master.com.br\/modelo03\/wp-content\/uploads\/2024\/09\/Paleta-De-Sombras-Para-Olhos-100x100.jpg 100w, https:\/\/w3master.com.br\/modelo03\/wp-content\/uploads\/2024\/09\/Paleta-De-Sombras-Para-Olhos.jpg 800w\" sizes=\"(max-width: 300px) 100vw, 300px\" \/><\/a>\n\t<div class=\"jet-woo-category-img-overlay\"><\/div>\n\t<div class=\"jet-woo-category-img-overlay__hover\"><\/div>\n<\/div>\n<\/div>\n<div class=\"jet-woo-categories-content\">\n\t<div class=\"jet-woo-category-content__inner\">\n\t  \n<div class=\"jet-woo-category-title\">\n\t<a href=\"https:\/\/w3master.com.br\/modelo03\/product-category\/maquiagem\/\" class=\"jet-woo-category-title__link\">Maquiagem<\/a>\n<\/div>\n\t<\/div>\n\t<div class=\"jet-woo-category-count__wrap\"><\/div>\n<\/div>\t<\/div>\n<\/div><div class=\"jet-woo-categories__item\">\n\t<div class=\"jet-woo-categories__inner-box\">\n\t\t\n<div class=\"jet-woo-categories-thumbnail__wrap\"><div class=\"jet-woo-category-thumbnail\">\n\t<a href=\"https:\/\/w3master.com.br\/modelo03\/product-category\/perfumaria\/\" rel=\"bookmark\"><img loading=\"lazy\" decoding=\"async\" width=\"300\" height=\"300\" src=\"https:\/\/w3master.com.br\/modelo03\/wp-content\/uploads\/2024\/09\/natura-300x300.jpg\" class=\"attachment-woocommerce_thumbnail size-woocommerce_thumbnail\" alt=\"Kaiak Desodorante Masculino 100ML\" srcset=\"https:\/\/w3master.com.br\/modelo03\/wp-content\/uploads\/2024\/09\/natura-300x300.jpg 300w, https:\/\/w3master.com.br\/modelo03\/wp-content\/uploads\/2024\/09\/natura-1024x1024.jpg 1024w, https:\/\/w3master.com.br\/modelo03\/wp-content\/uploads\/2024\/09\/natura-150x150.jpg 150w, https:\/\/w3master.com.br\/modelo03\/wp-content\/uploads\/2024\/09\/natura-768x768.jpg 768w, https:\/\/w3master.com.br\/modelo03\/wp-content\/uploads\/2024\/09\/natura-12x12.jpg 12w, https:\/\/w3master.com.br\/modelo03\/wp-content\/uploads\/2024\/09\/natura-600x600.jpg 600w, https:\/\/w3master.com.br\/modelo03\/wp-content\/uploads\/2024\/09\/natura-100x100.jpg 100w, https:\/\/w3master.com.br\/modelo03\/wp-content\/uploads\/2024\/09\/natura.jpg 1200w\" sizes=\"(max-width: 300px) 100vw, 300px\" \/><\/a>\n\t<div class=\"jet-woo-category-img-overlay\"><\/div>\n\t<div class=\"jet-woo-category-img-overlay__hover\"><\/div>\n<\/div>\n<\/div>\n<div class=\"jet-woo-categories-content\">\n\t<div class=\"jet-woo-category-content__inner\">\n\t  \n<div class=\"jet-woo-category-title\">\n\t<a href=\"https:\/\/w3master.com.br\/modelo03\/product-category\/perfumaria\/\" class=\"jet-woo-category-title__link\">Perfumaria<\/a>\n<\/div>\n\t<\/div>\n\t<div class=\"jet-woo-category-count__wrap\"><\/div>\n<\/div>\t<\/div>\n<\/div><div class=\"jet-woo-categories__item\">\n\t<div class=\"jet-woo-categories__inner-box\">\n\t\t\n<div class=\"jet-woo-categories-thumbnail__wrap\"><div class=\"jet-woo-category-thumbnail\">\n\t<a href=\"https:\/\/w3master.com.br\/modelo03\/product-category\/rosto\/\" rel=\"bookmark\"><img loading=\"lazy\" decoding=\"async\" width=\"300\" height=\"300\" src=\"https:\/\/w3master.com.br\/modelo03\/wp-content\/uploads\/2024\/09\/Super-Serum-Redutor-300x300.jpg\" class=\"attachment-woocommerce_thumbnail size-woocommerce_thumbnail\" alt=\"\" srcset=\"https:\/\/w3master.com.br\/modelo03\/wp-content\/uploads\/2024\/09\/Super-Serum-Redutor-300x300.jpg 300w, https:\/\/w3master.com.br\/modelo03\/wp-content\/uploads\/2024\/09\/Super-Serum-Redutor-150x150.jpg 150w, https:\/\/w3master.com.br\/modelo03\/wp-content\/uploads\/2024\/09\/Super-Serum-Redutor-12x12.jpg 12w, https:\/\/w3master.com.br\/modelo03\/wp-content\/uploads\/2024\/09\/Super-Serum-Redutor-100x100.jpg 100w, https:\/\/w3master.com.br\/modelo03\/wp-content\/uploads\/2024\/09\/Super-Serum-Redutor.jpg 600w\" sizes=\"(max-width: 300px) 100vw, 300px\" \/><\/a>\n\t<div class=\"jet-woo-category-img-overlay\"><\/div>\n\t<div class=\"jet-woo-category-img-overlay__hover\"><\/div>\n<\/div>\n<\/div>\n<div class=\"jet-woo-categories-content\">\n\t<div class=\"jet-woo-category-content__inner\">\n\t  \n<div class=\"jet-woo-category-title\">\n\t<a href=\"https:\/\/w3master.com.br\/modelo03\/product-category\/rosto\/\" class=\"jet-woo-category-title__link\">Rosto<\/a>\n<\/div>\n\t<\/div>\n\t<div class=\"jet-woo-category-count__wrap\"><\/div>\n<\/div>\t<\/div>\n<\/div><\/div>\n<\/div>\t\t<\/div>\n\t\t\t\t<\/div>\n\t\t\t\t\t<\/div>\n\t\t\t\t<\/div>\n\t\t\t\t<\/div>\n\t\t","protected":false},"excerpt":{"rendered":"<p>Blusas Cal\u00e7as Jeans Shorts Vestidos<\/p>\n","protected":false},"author":1,"featured_media":0,"parent":0,"menu_order":0,"comment_status":"closed","ping_status":"closed","template":"","meta":{"footnotes":""},"class_list":["post-614","page","type-page","status-publish","hentry"],"_links":{"self":[{"href":"https:\/\/w3master.com.br\/modelo03\/wp-json\/wp\/v2\/pages\/614"}],"collection":[{"href":"https:\/\/w3master.com.br\/modelo03\/wp-json\/wp\/v2\/pages"}],"about":[{"href":"https:\/\/w3master.com.br\/modelo03\/wp-json\/wp\/v2\/types\/page"}],"author":[{"embeddable":true,"href":"https:\/\/w3master.com.br\/modelo03\/wp-json\/wp\/v2\/users\/1"}],"replies":[{"embeddable":true,"href":"https:\/\/w3master.com.br\/modelo03\/wp-json\/wp\/v2\/comments?post=614"}],"version-history":[{"count":10,"href":"https:\/\/w3master.com.br\/modelo03\/wp-json\/wp\/v2\/pages\/614\/revisions"}],"predecessor-version":[{"id":626,"href":"https:\/\/w3master.com.br\/modelo03\/wp-json\/wp\/v2\/pages\/614\/revisions\/626"}],"wp:attachment":[{"href":"https:\/\/w3master.com.br\/modelo03\/wp-json\/wp\/v2\/media?parent=614"}],"curies":[{"name":"wp","href":"https:\/\/api.w.org\/{rel}","templated":true}]}}