{"id":740,"date":"2024-09-30T13:15:30","date_gmt":"2024-09-30T16:15:30","guid":{"rendered":"https:\/\/w3master.com.br\/modelo03\/?post_type=product&#038;p=740"},"modified":"2024-09-30T13:19:03","modified_gmt":"2024-09-30T16:19:03","slug":"gel-creme-hidratante-facial-vitamina-e-50ml","status":"publish","type":"product","link":"https:\/\/w3master.com.br\/modelo03\/product\/gel-creme-hidratante-facial-vitamina-e-50ml\/","title":{"rendered":"Gel Creme Hidratante Facial Vitamina E 50ML"},"content":{"rendered":"<div class=\"MuiBox-root natds149 natds45 natds148\">\n<div class=\"MuiBox-root natds149 natds45 natds148\">\n<p class=\"MuiTypography-root natds3174 natds3323 MuiTypography-h5\">Gel Creme Hidratante Facial Vitamina E 50ml<\/p>\n<p class=\"MuiTypography-root custom__title MuiTypography-h5 MuiTypography-alignLeft\">Benef\u00edcios<\/p>\n<p><b>Hidrata\u00e7\u00e3o prolongada:<\/b>\u00a0para uso di\u00e1rio, proporciona a sensa\u00e7\u00e3o de pele hidratada por at\u00e9 48h.<\/p>\n<p><b>Textura \u00fanica:<\/b>\u00a0uma combina\u00e7\u00e3o de duas consist\u00eancias. Tanto gel quanto creme est\u00e3o na medida, dando conforto para a pele.<\/p>\n<p><b>Propriedades hidratantes:<\/b>\u00a0produto vegano, cont\u00e9m \u00e1cido hialur\u00f4nico de origem natural.<\/p>\n<\/div>\n<\/div>\n","protected":false},"excerpt":{"rendered":"<p>Gel Creme Hidratante Facial Vitamina E 50ml Benef\u00edcios Hidrata\u00e7\u00e3o prolongada:\u00a0para uso di\u00e1rio, proporciona a sensa\u00e7\u00e3o de pele hidratada por at\u00e9 48h. Textura \u00fanica:\u00a0uma combina\u00e7\u00e3o de duas consist\u00eancias. Tanto gel quanto creme est\u00e3o na medida, dando conforto para a pele. Propriedades hidratantes:\u00a0produto vegano, cont\u00e9m \u00e1cido hialur\u00f4nico de origem natural.<\/p>\n","protected":false},"featured_media":742,"comment_status":"open","ping_status":"closed","template":"","meta":[],"product_cat":[59],"product_tag":[],"class_list":{"0":"post-740","1":"product","2":"type-product","3":"status-publish","4":"has-post-thumbnail","6":"product_cat-rosto","8":"first","9":"instock","10":"shipping-taxable","11":"purchasable","12":"product-type-simple"},"_links":{"self":[{"href":"https:\/\/w3master.com.br\/modelo03\/wp-json\/wp\/v2\/product\/740"}],"collection":[{"href":"https:\/\/w3master.com.br\/modelo03\/wp-json\/wp\/v2\/product"}],"about":[{"href":"https:\/\/w3master.com.br\/modelo03\/wp-json\/wp\/v2\/types\/product"}],"replies":[{"embeddable":true,"href":"https:\/\/w3master.com.br\/modelo03\/wp-json\/wp\/v2\/comments?post=740"}],"wp:featuredmedia":[{"embeddable":true,"href":"https:\/\/w3master.com.br\/modelo03\/wp-json\/wp\/v2\/media\/742"}],"wp:attachment":[{"href":"https:\/\/w3master.com.br\/modelo03\/wp-json\/wp\/v2\/media?parent=740"}],"wp:term":[{"taxonomy":"product_cat","embeddable":true,"href":"https:\/\/w3master.com.br\/modelo03\/wp-json\/wp\/v2\/product_cat?post=740"},{"taxonomy":"product_tag","embeddable":true,"href":"https:\/\/w3master.com.br\/modelo03\/wp-json\/wp\/v2\/product_tag?post=740"}],"curies":[{"name":"wp","href":"https:\/\/api.w.org\/{rel}","templated":true}]}}