{"id":743,"date":"2024-09-30T13:20:39","date_gmt":"2024-09-30T16:20:39","guid":{"rendered":"https:\/\/w3master.com.br\/modelo03\/?post_type=product&#038;p=743"},"modified":"2024-09-30T13:22:03","modified_gmt":"2024-09-30T16:22:03","slug":"elixir-redutor-de-rugas-chronos","status":"publish","type":"product","link":"https:\/\/w3master.com.br\/modelo03\/product\/elixir-redutor-de-rugas-chronos\/","title":{"rendered":"Elixir Redutor de Rugas Chronos"},"content":{"rendered":"<div class=\"MuiBox-root natds149 natds45 natds148\">\n<div class=\"MuiBox-root natds149 natds45 natds148\">Elixir Redutor de Rugas Chronos<\/div>\n<div>\n<p class=\"MuiTypography-root custom__title MuiTypography-h5 MuiTypography-alignLeft\">Benef\u00edcios<\/p>\n<p><strong>Imediatamente:<\/strong>\u00a0ilumina o olhar e melhora a firmeza das p\u00e1lpebras.<br \/>\n<strong>Ap\u00f3s 7 dias:<\/strong>\u00a0suaviza rugas e recupera a firmeza das p\u00e1lpebras.<br \/>\n<strong>Ap\u00f3s 15 dias:<\/strong>\u00a0reduz a quantidade de rugas.<br \/>\n<strong>Ap\u00f3s 30 dias:<\/strong>\u00a0reduz a profundidade das rugas.<\/p>\n<p>\u2022 2x mais concentrado que os cremes antissinais;<br \/>\n\u2022 Textura fluida de f\u00e1cil absor\u00e7\u00e3o;<br \/>\n\u2022 Rende at\u00e9 100 aplica\u00e7\u00f5es.<\/p>\n<\/div>\n<\/div>\n","protected":false},"excerpt":{"rendered":"<p>Elixir Redutor de Rugas Chronos Benef\u00edcios Imediatamente:\u00a0ilumina o olhar e melhora a firmeza das p\u00e1lpebras. Ap\u00f3s 7 dias:\u00a0suaviza rugas e recupera a firmeza das p\u00e1lpebras. Ap\u00f3s 15 dias:\u00a0reduz a quantidade de rugas. Ap\u00f3s 30 dias:\u00a0reduz a profundidade das rugas. \u2022 2x mais concentrado que os cremes antissinais; \u2022 Textura fluida de f\u00e1cil absor\u00e7\u00e3o; \u2022 Rende [&hellip;]<\/p>\n","protected":false},"featured_media":744,"comment_status":"open","ping_status":"closed","template":"","meta":[],"product_cat":[59],"product_tag":[],"class_list":{"0":"post-743","1":"product","2":"type-product","3":"status-publish","4":"has-post-thumbnail","6":"product_cat-rosto","8":"first","9":"instock","10":"sale","11":"shipping-taxable","12":"purchasable","13":"product-type-simple"},"_links":{"self":[{"href":"https:\/\/w3master.com.br\/modelo03\/wp-json\/wp\/v2\/product\/743"}],"collection":[{"href":"https:\/\/w3master.com.br\/modelo03\/wp-json\/wp\/v2\/product"}],"about":[{"href":"https:\/\/w3master.com.br\/modelo03\/wp-json\/wp\/v2\/types\/product"}],"replies":[{"embeddable":true,"href":"https:\/\/w3master.com.br\/modelo03\/wp-json\/wp\/v2\/comments?post=743"}],"wp:featuredmedia":[{"embeddable":true,"href":"https:\/\/w3master.com.br\/modelo03\/wp-json\/wp\/v2\/media\/744"}],"wp:attachment":[{"href":"https:\/\/w3master.com.br\/modelo03\/wp-json\/wp\/v2\/media?parent=743"}],"wp:term":[{"taxonomy":"product_cat","embeddable":true,"href":"https:\/\/w3master.com.br\/modelo03\/wp-json\/wp\/v2\/product_cat?post=743"},{"taxonomy":"product_tag","embeddable":true,"href":"https:\/\/w3master.com.br\/modelo03\/wp-json\/wp\/v2\/product_tag?post=743"}],"curies":[{"name":"wp","href":"https:\/\/api.w.org\/{rel}","templated":true}]}}