{"id":745,"date":"2024-09-30T13:23:00","date_gmt":"2024-09-30T16:23:00","guid":{"rendered":"https:\/\/w3master.com.br\/modelo03\/?post_type=product&#038;p=745"},"modified":"2024-09-30T13:25:54","modified_gmt":"2024-09-30T16:25:54","slug":"super-serum-redutor-de-rugas-chronos","status":"publish","type":"product","link":"https:\/\/w3master.com.br\/modelo03\/product\/super-serum-redutor-de-rugas-chronos\/","title":{"rendered":"Super S\u00e9rum Redutor de Rugas Chronos"},"content":{"rendered":"<div class=\"MuiBox-root natds149 natds45 natds148\">\n<div class=\"MuiBox-root natds149 natds45 natds148\">\n<p class=\"MuiTypography-root natds132 MuiTypography-h4 MuiTypography-colorTextPrimary\">Super S\u00e9rum Redutor de Rugas Chronos<\/p>\n<p class=\"MuiTypography-root custom__title MuiTypography-h5 MuiTypography-alignLeft\">Benef\u00edcios<\/p>\n<p>IMEDIATO:\u00a0pele luminosa; suaviza\u00e7\u00e3o de linhas finas e melhora da textura; hidrata\u00e7\u00e3o imediata e por at\u00e9 48 horas.<\/p>\n<p>AP\u00d3S 7 DIAS:\u00a0redu\u00e7\u00e3o vis\u00edvel das linhas finas, localizadas principalmente na regi\u00e3o dos olhos.<\/p>\n<p>AP\u00d3S 15 DIAS:\u00a0redu\u00e7\u00e3o significativa da quantidade e profundidade de rugas moderadas, localizadas principalmente no bigode chin\u00eas; at\u00e9 75% de mais col\u00e1geno, elastina e \u00e1cido hialur\u00f4nico*; fortalecimento da microbiota.<\/p>\n<p>AP\u00d3S 30 DIAS:\u00a0pele reestruturada: melhora a densidade e reorganiza as camadas da pele; 2x mais prote\u00ednas de conex\u00e3o da pele; 100% das mulheres com redu\u00e7\u00e3o intensiva de rugas profundas, localizadas principalmente na regi\u00e3o da testa**.<\/p>\n<\/div>\n<\/div>\n","protected":false},"excerpt":{"rendered":"<p>Super S\u00e9rum Redutor de Rugas Chronos Benef\u00edcios IMEDIATO:\u00a0pele luminosa; suaviza\u00e7\u00e3o de linhas finas e melhora da textura; hidrata\u00e7\u00e3o imediata e por at\u00e9 48 horas. AP\u00d3S 7 DIAS:\u00a0redu\u00e7\u00e3o vis\u00edvel das linhas finas, localizadas principalmente na regi\u00e3o dos olhos. AP\u00d3S 15 DIAS:\u00a0redu\u00e7\u00e3o significativa da quantidade e profundidade de rugas moderadas, localizadas principalmente no bigode chin\u00eas; at\u00e9 75% [&hellip;]<\/p>\n","protected":false},"featured_media":747,"comment_status":"open","ping_status":"closed","template":"","meta":[],"product_cat":[59],"product_tag":[],"class_list":{"0":"post-745","1":"product","2":"type-product","3":"status-publish","4":"has-post-thumbnail","6":"product_cat-rosto","8":"first","9":"instock","10":"sale","11":"shipping-taxable","12":"purchasable","13":"product-type-simple"},"_links":{"self":[{"href":"https:\/\/w3master.com.br\/modelo03\/wp-json\/wp\/v2\/product\/745"}],"collection":[{"href":"https:\/\/w3master.com.br\/modelo03\/wp-json\/wp\/v2\/product"}],"about":[{"href":"https:\/\/w3master.com.br\/modelo03\/wp-json\/wp\/v2\/types\/product"}],"replies":[{"embeddable":true,"href":"https:\/\/w3master.com.br\/modelo03\/wp-json\/wp\/v2\/comments?post=745"}],"wp:featuredmedia":[{"embeddable":true,"href":"https:\/\/w3master.com.br\/modelo03\/wp-json\/wp\/v2\/media\/747"}],"wp:attachment":[{"href":"https:\/\/w3master.com.br\/modelo03\/wp-json\/wp\/v2\/media?parent=745"}],"wp:term":[{"taxonomy":"product_cat","embeddable":true,"href":"https:\/\/w3master.com.br\/modelo03\/wp-json\/wp\/v2\/product_cat?post=745"},{"taxonomy":"product_tag","embeddable":true,"href":"https:\/\/w3master.com.br\/modelo03\/wp-json\/wp\/v2\/product_tag?post=745"}],"curies":[{"name":"wp","href":"https:\/\/api.w.org\/{rel}","templated":true}]}}