{"id":748,"date":"2024-09-30T13:26:59","date_gmt":"2024-09-30T16:26:59","guid":{"rendered":"https:\/\/w3master.com.br\/modelo03\/?post_type=product&#038;p=748"},"modified":"2024-09-30T13:30:31","modified_gmt":"2024-09-30T16:30:31","slug":"kit-care-tripla-hidratacao","status":"publish","type":"product","link":"https:\/\/w3master.com.br\/modelo03\/product\/kit-care-tripla-hidratacao\/","title":{"rendered":"Kit Care Tripla Hidrata\u00e7\u00e3o"},"content":{"rendered":"<div class=\"MuiBox-root natds149 natds45 natds148\">\n<div class=\"MuiBox-root natds149 natds45 natds148\">\n<p class=\"MuiTypography-root natds112 MuiTypography-h4 MuiTypography-colorTextPrimary\">Kit Care Tripla Hidrata\u00e7\u00e3o<\/p>\n<p><strong>Creme Facial<\/strong><\/p>\n<p>O Creme Vitaminado 5 em 1, \u00e9 formulado com complexo Multivitamina\u00a0 para iluminar a pele sem deix\u00e1-la oleosa e possui r\u00e1pida absor\u00e7\u00e3o. A sua hidrata\u00e7\u00e3o di\u00e1ria revitaliza e melhora a textura da pele. Cuidado di\u00e1rio para sua pele ficar hidratada e vitaminada, podendo ser utilizado de dia ou de noite. Dermatologicamente testado.<\/p>\n<p><strong>Benef\u00edcios:<\/strong><\/p>\n<p>1. Iluminar<\/p>\n<p>2. Hidrata 24*<\/p>\n<p>3. Revitaliza<\/p>\n<p>4. Melhora a textura<\/p>\n<p>5. Suaviza<\/p>\n<p><strong>Creme Facial Antissinais<\/strong><\/p>\n<p>Tratamento cosm\u00e9tico 5 em 1, formulado com \u00e1cido hialur\u00f4nico, para ajudar a suavizar linhas finas de express\u00e3o, hidratar e proteger a pele dos sinais da idade. Dermatologicamente testado.<\/p>\n<\/div>\n<\/div>\n","protected":false},"excerpt":{"rendered":"<p>Kit Care Tripla Hidrata\u00e7\u00e3o Creme Facial O Creme Vitaminado 5 em 1, \u00e9 formulado com complexo Multivitamina\u00a0 para iluminar a pele sem deix\u00e1-la oleosa e possui r\u00e1pida absor\u00e7\u00e3o. A sua hidrata\u00e7\u00e3o di\u00e1ria revitaliza e melhora a textura da pele. Cuidado di\u00e1rio para sua pele ficar hidratada e vitaminada, podendo ser utilizado de dia ou de [&hellip;]<\/p>\n","protected":false},"featured_media":751,"comment_status":"open","ping_status":"closed","template":"","meta":[],"product_cat":[59],"product_tag":[],"class_list":{"0":"post-748","1":"product","2":"type-product","3":"status-publish","4":"has-post-thumbnail","6":"product_cat-rosto","8":"first","9":"instock","10":"shipping-taxable","11":"purchasable","12":"product-type-simple"},"_links":{"self":[{"href":"https:\/\/w3master.com.br\/modelo03\/wp-json\/wp\/v2\/product\/748"}],"collection":[{"href":"https:\/\/w3master.com.br\/modelo03\/wp-json\/wp\/v2\/product"}],"about":[{"href":"https:\/\/w3master.com.br\/modelo03\/wp-json\/wp\/v2\/types\/product"}],"replies":[{"embeddable":true,"href":"https:\/\/w3master.com.br\/modelo03\/wp-json\/wp\/v2\/comments?post=748"}],"wp:featuredmedia":[{"embeddable":true,"href":"https:\/\/w3master.com.br\/modelo03\/wp-json\/wp\/v2\/media\/751"}],"wp:attachment":[{"href":"https:\/\/w3master.com.br\/modelo03\/wp-json\/wp\/v2\/media?parent=748"}],"wp:term":[{"taxonomy":"product_cat","embeddable":true,"href":"https:\/\/w3master.com.br\/modelo03\/wp-json\/wp\/v2\/product_cat?post=748"},{"taxonomy":"product_tag","embeddable":true,"href":"https:\/\/w3master.com.br\/modelo03\/wp-json\/wp\/v2\/product_tag?post=748"}],"curies":[{"name":"wp","href":"https:\/\/api.w.org\/{rel}","templated":true}]}}