{"id":750,"date":"2024-09-30T13:28:54","date_gmt":"2024-09-30T16:28:54","guid":{"rendered":"https:\/\/w3master.com.br\/modelo03\/?post_type=product&#038;p=750"},"modified":"2024-09-30T13:31:19","modified_gmt":"2024-09-30T16:31:19","slug":"kit-linha-power-cream-completo","status":"publish","type":"product","link":"https:\/\/w3master.com.br\/modelo03\/product\/kit-linha-power-cream-completo\/","title":{"rendered":"Kit Linha Power Cream Completo"},"content":{"rendered":"<div class=\"MuiBox-root natds149 natds45 natds148\">\n<div class=\"MuiBox-root natds149 natds45 natds148\">\n<div class=\"MuiBox-root natds144 natds45 natds143\">\n<p class=\"MuiTypography-root natds142 MuiTypography-h1 MuiTypography-colorTextPrimary MuiTypography-alignLeft\">KIT POWER CREAM COMPLETO<\/p>\n<\/div>\n<p>Cuidado completo para o rosto todo<\/p>\n<p><b>Composi\u00e7\u00e3o:<\/b><\/p>\n<p>&#8211; Creme Facia Renew Power Cream 50g<br \/>\n&#8211; Creme para os olhos Renew Power Eye Cream 15g<br \/>\n&#8211; S\u00e9rum Renovador 30ml<br \/>\n&#8211; Gel de Limpeza Renew 125g<\/p>\n<p>Linha poderosa que renova a pele e reduz a apar\u00eancia das rugas.<br \/>\n10x mais Protinol, o duplo Col\u00e1geno, para uma pele mais<br \/>\nfirme.<br \/>\n7 dias para resultados vis\u00edveis na pele.<br \/>\n10 anos de pesquisa para criar a Tecnologia<br \/>\nProtinol, que s\u00f3 a AVON tem.<\/p>\n<\/div>\n<\/div>\n","protected":false},"excerpt":{"rendered":"<p>KIT POWER CREAM COMPLETO Cuidado completo para o rosto todo Composi\u00e7\u00e3o: &#8211; Creme Facia Renew Power Cream 50g &#8211; Creme para os olhos Renew Power Eye Cream 15g &#8211; S\u00e9rum Renovador 30ml &#8211; Gel de Limpeza Renew 125g Linha poderosa que renova a pele e reduz a apar\u00eancia das rugas. 10x mais Protinol, o duplo [&hellip;]<\/p>\n","protected":false},"featured_media":749,"comment_status":"open","ping_status":"closed","template":"","meta":[],"product_cat":[59],"product_tag":[],"class_list":{"0":"post-750","1":"product","2":"type-product","3":"status-publish","4":"has-post-thumbnail","6":"product_cat-rosto","8":"first","9":"instock","10":"shipping-taxable","11":"purchasable","12":"product-type-simple"},"_links":{"self":[{"href":"https:\/\/w3master.com.br\/modelo03\/wp-json\/wp\/v2\/product\/750"}],"collection":[{"href":"https:\/\/w3master.com.br\/modelo03\/wp-json\/wp\/v2\/product"}],"about":[{"href":"https:\/\/w3master.com.br\/modelo03\/wp-json\/wp\/v2\/types\/product"}],"replies":[{"embeddable":true,"href":"https:\/\/w3master.com.br\/modelo03\/wp-json\/wp\/v2\/comments?post=750"}],"wp:featuredmedia":[{"embeddable":true,"href":"https:\/\/w3master.com.br\/modelo03\/wp-json\/wp\/v2\/media\/749"}],"wp:attachment":[{"href":"https:\/\/w3master.com.br\/modelo03\/wp-json\/wp\/v2\/media?parent=750"}],"wp:term":[{"taxonomy":"product_cat","embeddable":true,"href":"https:\/\/w3master.com.br\/modelo03\/wp-json\/wp\/v2\/product_cat?post=750"},{"taxonomy":"product_tag","embeddable":true,"href":"https:\/\/w3master.com.br\/modelo03\/wp-json\/wp\/v2\/product_tag?post=750"}],"curies":[{"name":"wp","href":"https:\/\/api.w.org\/{rel}","templated":true}]}}