{"id":752,"date":"2024-09-30T13:32:26","date_gmt":"2024-09-30T16:32:26","guid":{"rendered":"https:\/\/w3master.com.br\/modelo03\/?post_type=product&#038;p=752"},"modified":"2024-09-30T13:34:12","modified_gmt":"2024-09-30T16:34:12","slug":"hidratante-facial-a-faces-oleosas","status":"publish","type":"product","link":"https:\/\/w3master.com.br\/modelo03\/product\/hidratante-facial-a-faces-oleosas\/","title":{"rendered":"Hidratante Facial a Faces Oleosas"},"content":{"rendered":"<div class=\"MuiBox-root natds149 natds45 natds148\">\n<div class=\"MuiBox-root natds149 natds45 natds148\">\n<p class=\"MuiTypography-root natds350 MuiTypography-h4 MuiTypography-colorTextPrimary\"><strong>Hidratante Facial Pele Mista a Oleosa Faces<\/strong><\/p>\n<div class=\"MuiBox-root natds382 natds60 natds381\">\n<p class=\"MuiTypography-root natds380 MuiTypography-h1 MuiTypography-colorTextPrimary MuiTypography-alignLeft\"><strong>Hidratante facial Natura Faces: sua pele saud\u00e1vel e pronta para o dia a dia<\/strong><\/p>\n<\/div>\n<p class=\"MuiTypography-root natds383 natds384 MuiTypography-body1 MuiTypography-colorTextPrimary MuiTypography-alignLeft\">O Hidratante Facial Pele Mista a Oleosa Faces \u00e9 perfeito para manter sua pele saud\u00e1vel e hidratada na medida certa.<\/p>\n<p class=\"MuiTypography-root natds383 natds384 MuiTypography-body1 MuiTypography-colorTextPrimary MuiTypography-alignLeft\">Sua f\u00f3rmula de hidrata\u00e7\u00e3o intensiva ajuda a reduzir a diferen\u00e7a de tonalidade, inclusive a causada pela acne, deixando sua pele sequinha e com um acabamento soft matte ideal.<\/p>\n<p class=\"MuiTypography-root natds383 natds384 MuiTypography-body1 MuiTypography-colorTextPrimary MuiTypography-alignLeft\">Faces \u00e9 perfeito para quem busca um hidratante facial para pele oleosa ou mista e n\u00e3o abre m\u00e3o de um toque macio e suave.<\/p>\n<\/div>\n<\/div>\n","protected":false},"excerpt":{"rendered":"<p>Hidratante Facial Pele Mista a Oleosa Faces Hidratante facial Natura Faces: sua pele saud\u00e1vel e pronta para o dia a dia O Hidratante Facial Pele Mista a Oleosa Faces \u00e9 perfeito para manter sua pele saud\u00e1vel e hidratada na medida certa. Sua f\u00f3rmula de hidrata\u00e7\u00e3o intensiva ajuda a reduzir a diferen\u00e7a de tonalidade, inclusive a [&hellip;]<\/p>\n","protected":false},"featured_media":753,"comment_status":"open","ping_status":"closed","template":"","meta":[],"product_cat":[59],"product_tag":[],"class_list":{"0":"post-752","1":"product","2":"type-product","3":"status-publish","4":"has-post-thumbnail","6":"product_cat-rosto","8":"first","9":"instock","10":"shipping-taxable","11":"purchasable","12":"product-type-simple"},"_links":{"self":[{"href":"https:\/\/w3master.com.br\/modelo03\/wp-json\/wp\/v2\/product\/752"}],"collection":[{"href":"https:\/\/w3master.com.br\/modelo03\/wp-json\/wp\/v2\/product"}],"about":[{"href":"https:\/\/w3master.com.br\/modelo03\/wp-json\/wp\/v2\/types\/product"}],"replies":[{"embeddable":true,"href":"https:\/\/w3master.com.br\/modelo03\/wp-json\/wp\/v2\/comments?post=752"}],"wp:featuredmedia":[{"embeddable":true,"href":"https:\/\/w3master.com.br\/modelo03\/wp-json\/wp\/v2\/media\/753"}],"wp:attachment":[{"href":"https:\/\/w3master.com.br\/modelo03\/wp-json\/wp\/v2\/media?parent=752"}],"wp:term":[{"taxonomy":"product_cat","embeddable":true,"href":"https:\/\/w3master.com.br\/modelo03\/wp-json\/wp\/v2\/product_cat?post=752"},{"taxonomy":"product_tag","embeddable":true,"href":"https:\/\/w3master.com.br\/modelo03\/wp-json\/wp\/v2\/product_tag?post=752"}],"curies":[{"name":"wp","href":"https:\/\/api.w.org\/{rel}","templated":true}]}}