{"id":762,"date":"2024-09-30T13:51:43","date_gmt":"2024-09-30T16:51:43","guid":{"rendered":"https:\/\/w3master.com.br\/modelo03\/?post_type=product&#038;p=762"},"modified":"2024-09-30T13:53:19","modified_gmt":"2024-09-30T16:53:19","slug":"kit-o-boticario-lily-lumiere-creme-acetinado-desodorante-hidratante-corporal-250g-refil-250g","status":"publish","type":"product","link":"https:\/\/w3master.com.br\/modelo03\/product\/kit-o-boticario-lily-lumiere-creme-acetinado-desodorante-hidratante-corporal-250g-refil-250g\/","title":{"rendered":"Kit o Botic\u00e1rio Lily Lumi\u00e8re: Creme Acetinado Desodorante Hidratante Corporal 250g + Refil 250g"},"content":{"rendered":"<div class=\"MuiBox-root natds149 natds45 natds148\">\n<div class=\"MuiBox-root natds149 natds45 natds148\">\n<p class=\"nproduct-title\">Kit o Botic\u00e1rio Lily Lumi\u00e8re: Creme Acetinado Desodorante Hidratante Corporal 250g + Refil 250g<\/p>\n<\/div>\n<div class=\"product-description-content reset-allow-bold\">\n<p>Kit com creme hidratante e refil.\u00a0<strong>o Botic\u00e1rio Lily Lumi\u00e8re<\/strong>\u00a0\u00e9 ideal para quem busca uma hidrata\u00e7\u00e3o suave e\u00a0prolongada.<\/p>\n<p>O\u00a0<strong>Kit o Botic\u00e1rio Lily Lumi\u00e8re\u00a0<\/strong>com creme acetinado \u00e9 ideal para voc\u00ea que n\u00e3o abre m\u00e3o desse produto na sua rotina de cuidados pessoais. Al\u00e9m da vers\u00e3o do creme desodorante na embalagem de vidro que a gente ama,\u00a0este combo traz o refil do Creme Acetinado de Lily Lumi\u00e9re para voc\u00ea aproveitar por mais tempo.<\/p>\n<\/div>\n<\/div>\n","protected":false},"excerpt":{"rendered":"<p>Kit o Botic\u00e1rio Lily Lumi\u00e8re: Creme Acetinado Desodorante Hidratante Corporal 250g + Refil 250g Kit com creme hidratante e refil.\u00a0o Botic\u00e1rio Lily Lumi\u00e8re\u00a0\u00e9 ideal para quem busca uma hidrata\u00e7\u00e3o suave e\u00a0prolongada. O\u00a0Kit o Botic\u00e1rio Lily Lumi\u00e8re\u00a0com creme acetinado \u00e9 ideal para voc\u00ea que n\u00e3o abre m\u00e3o desse produto na sua rotina de cuidados pessoais. Al\u00e9m [&hellip;]<\/p>\n","protected":false},"featured_media":763,"comment_status":"open","ping_status":"closed","template":"","meta":[],"product_cat":[60],"product_tag":[],"class_list":{"0":"post-762","1":"product","2":"type-product","3":"status-publish","4":"has-post-thumbnail","6":"product_cat-corporal","8":"first","9":"instock","10":"shipping-taxable","11":"purchasable","12":"product-type-simple"},"_links":{"self":[{"href":"https:\/\/w3master.com.br\/modelo03\/wp-json\/wp\/v2\/product\/762"}],"collection":[{"href":"https:\/\/w3master.com.br\/modelo03\/wp-json\/wp\/v2\/product"}],"about":[{"href":"https:\/\/w3master.com.br\/modelo03\/wp-json\/wp\/v2\/types\/product"}],"replies":[{"embeddable":true,"href":"https:\/\/w3master.com.br\/modelo03\/wp-json\/wp\/v2\/comments?post=762"}],"wp:featuredmedia":[{"embeddable":true,"href":"https:\/\/w3master.com.br\/modelo03\/wp-json\/wp\/v2\/media\/763"}],"wp:attachment":[{"href":"https:\/\/w3master.com.br\/modelo03\/wp-json\/wp\/v2\/media?parent=762"}],"wp:term":[{"taxonomy":"product_cat","embeddable":true,"href":"https:\/\/w3master.com.br\/modelo03\/wp-json\/wp\/v2\/product_cat?post=762"},{"taxonomy":"product_tag","embeddable":true,"href":"https:\/\/w3master.com.br\/modelo03\/wp-json\/wp\/v2\/product_tag?post=762"}],"curies":[{"name":"wp","href":"https:\/\/api.w.org\/{rel}","templated":true}]}}