{"id":698,"date":"2024-10-02T17:55:24","date_gmt":"2024-10-02T20:55:24","guid":{"rendered":"https:\/\/w3master.com.br\/modelo05\/?post_type=product&#038;p=698"},"modified":"2024-10-02T19:17:41","modified_gmt":"2024-10-02T22:17:41","slug":"coqueteleira-ser-o-melhor-750-ml-azul","status":"publish","type":"product","link":"https:\/\/w3master.com.br\/modelo05\/product\/coqueteleira-ser-o-melhor-750-ml-azul\/","title":{"rendered":"Coqueteleira Ser o Melhor 750ML &#8211; Azul"},"content":{"rendered":"<p>A Coqueteleira Probi\u00f3tica permite que voc\u00ea tenha tudo em m\u00e3os para conseguir os melhores resultados. \u00c9 dur\u00e1vel, \u00fatil e f\u00e1cil de usar, pois facilita a prepara\u00e7\u00e3o dos seus shakes e drinks em qualquer lugar. \u00c9 a coqueteleira ideal para voc\u00ea que quer desfrutar da praticidade sem abrir m\u00e3o do estilo.<\/p>\n","protected":false},"excerpt":{"rendered":"<p>A Coqueteleira Probi\u00f3tica permite que voc\u00ea tenha tudo em m\u00e3os para conseguir os melhores resultados. \u00c9 dur\u00e1vel, \u00fatil e f\u00e1cil de usar, pois facilita a prepara\u00e7\u00e3o dos seus shakes e drinks em qualquer lugar. \u00c9 a coqueteleira ideal para voc\u00ea que quer desfrutar da praticidade sem abrir m\u00e3o do estilo.<\/p>\n","protected":false},"featured_media":707,"comment_status":"open","ping_status":"closed","template":"","meta":[],"product_cat":[56],"product_tag":[],"class_list":{"0":"post-698","1":"product","2":"type-product","3":"status-publish","4":"has-post-thumbnail","6":"product_cat-roupas-e-acessorios","8":"first","9":"instock","10":"shipping-taxable","11":"purchasable","12":"product-type-simple"},"_links":{"self":[{"href":"https:\/\/w3master.com.br\/modelo05\/wp-json\/wp\/v2\/product\/698"}],"collection":[{"href":"https:\/\/w3master.com.br\/modelo05\/wp-json\/wp\/v2\/product"}],"about":[{"href":"https:\/\/w3master.com.br\/modelo05\/wp-json\/wp\/v2\/types\/product"}],"replies":[{"embeddable":true,"href":"https:\/\/w3master.com.br\/modelo05\/wp-json\/wp\/v2\/comments?post=698"}],"wp:featuredmedia":[{"embeddable":true,"href":"https:\/\/w3master.com.br\/modelo05\/wp-json\/wp\/v2\/media\/707"}],"wp:attachment":[{"href":"https:\/\/w3master.com.br\/modelo05\/wp-json\/wp\/v2\/media?parent=698"}],"wp:term":[{"taxonomy":"product_cat","embeddable":true,"href":"https:\/\/w3master.com.br\/modelo05\/wp-json\/wp\/v2\/product_cat?post=698"},{"taxonomy":"product_tag","embeddable":true,"href":"https:\/\/w3master.com.br\/modelo05\/wp-json\/wp\/v2\/product_tag?post=698"}],"curies":[{"name":"wp","href":"https:\/\/api.w.org\/{rel}","templated":true}]}}