{"id":699,"date":"2024-10-02T17:55:25","date_gmt":"2024-10-02T20:55:25","guid":{"rendered":"https:\/\/w3master.com.br\/modelo05\/?post_type=product&#038;p=699"},"modified":"2024-10-02T18:37:53","modified_gmt":"2024-10-02T21:37:53","slug":"blusao-moletom-growth-under-bege","status":"publish","type":"product","link":"https:\/\/w3master.com.br\/modelo05\/product\/blusao-moletom-growth-under-bege\/","title":{"rendered":"Blus\u00e3o Moletom Growth Under &#8211; Bege"},"content":{"rendered":"<p>ROUPAS DE TREINO GROWTH SUPPLEMENTS<\/p>\n<p data-v-0d933e56=\"\">A Growth Supplements inova ao lan\u00e7ar uma cole\u00e7\u00e3o de roupas street air, com cortes modernos, materiais de qualidade que combinam com estilo, conforto e uma variedade de cores e estampas exclusivas, ideais tanto para a academia quanto para outras atividades di\u00e1rias.<\/p>\n","protected":false},"excerpt":{"rendered":"<p>ROUPAS DE TREINO GROWTH SUPPLEMENTS A Growth Supplements inova ao lan\u00e7ar uma cole\u00e7\u00e3o de roupas street air, com cortes modernos, materiais de qualidade que combinam com estilo, conforto e uma variedade de cores e estampas exclusivas, ideais tanto para a academia quanto para outras atividades di\u00e1rias.<\/p>\n","protected":false},"featured_media":700,"comment_status":"open","ping_status":"closed","template":"","meta":[],"product_cat":[56],"product_tag":[],"class_list":{"0":"post-699","1":"product","2":"type-product","3":"status-publish","4":"has-post-thumbnail","6":"product_cat-roupas-e-acessorios","8":"first","9":"instock","10":"shipping-taxable","11":"purchasable","12":"product-type-simple"},"_links":{"self":[{"href":"https:\/\/w3master.com.br\/modelo05\/wp-json\/wp\/v2\/product\/699"}],"collection":[{"href":"https:\/\/w3master.com.br\/modelo05\/wp-json\/wp\/v2\/product"}],"about":[{"href":"https:\/\/w3master.com.br\/modelo05\/wp-json\/wp\/v2\/types\/product"}],"replies":[{"embeddable":true,"href":"https:\/\/w3master.com.br\/modelo05\/wp-json\/wp\/v2\/comments?post=699"}],"wp:featuredmedia":[{"embeddable":true,"href":"https:\/\/w3master.com.br\/modelo05\/wp-json\/wp\/v2\/media\/700"}],"wp:attachment":[{"href":"https:\/\/w3master.com.br\/modelo05\/wp-json\/wp\/v2\/media?parent=699"}],"wp:term":[{"taxonomy":"product_cat","embeddable":true,"href":"https:\/\/w3master.com.br\/modelo05\/wp-json\/wp\/v2\/product_cat?post=699"},{"taxonomy":"product_tag","embeddable":true,"href":"https:\/\/w3master.com.br\/modelo05\/wp-json\/wp\/v2\/product_tag?post=699"}],"curies":[{"name":"wp","href":"https:\/\/api.w.org\/{rel}","templated":true}]}}