{"id":703,"date":"2024-10-02T17:58:01","date_gmt":"2024-10-02T20:58:01","guid":{"rendered":"https:\/\/w3master.com.br\/modelo05\/?post_type=product&#038;p=703"},"modified":"2024-10-02T18:36:29","modified_gmt":"2024-10-02T21:36:29","slug":"blusao-moletom-growth-off-white-oversized-worldwide","status":"publish","type":"product","link":"https:\/\/w3master.com.br\/modelo05\/product\/blusao-moletom-growth-off-white-oversized-worldwide\/","title":{"rendered":"Blus\u00e3o Moletom Growth off White Oversized Worldwide"},"content":{"rendered":"<p class=\"nome\">BLUS\u00c3O MOLETOM GROWTH OFF WHITE OVERSIZED WORLDWIDE<\/p>\n<p>A Growth Supplements inova ao lan\u00e7ar uma cole\u00e7\u00e3o de roupas street air, com cortes modernos, materiais de qualidade que combinam com estilo, conforto e uma variedade de cores e estampas exclusivas, ideais tanto para a academia quanto para outras atividades di\u00e1rias.<\/p>\n","protected":false},"excerpt":{"rendered":"<p>BLUS\u00c3O MOLETOM GROWTH OFF WHITE OVERSIZED WORLDWIDE A Growth Supplements inova ao lan\u00e7ar uma cole\u00e7\u00e3o de roupas street air, com cortes modernos, materiais de qualidade que combinam com estilo, conforto e uma variedade de cores e estampas exclusivas, ideais tanto para a academia quanto para outras atividades di\u00e1rias.<\/p>\n","protected":false},"featured_media":704,"comment_status":"open","ping_status":"closed","template":"","meta":[],"product_cat":[56],"product_tag":[],"class_list":{"0":"post-703","1":"product","2":"type-product","3":"status-publish","4":"has-post-thumbnail","6":"product_cat-roupas-e-acessorios","8":"first","9":"instock","10":"shipping-taxable","11":"purchasable","12":"product-type-simple"},"_links":{"self":[{"href":"https:\/\/w3master.com.br\/modelo05\/wp-json\/wp\/v2\/product\/703"}],"collection":[{"href":"https:\/\/w3master.com.br\/modelo05\/wp-json\/wp\/v2\/product"}],"about":[{"href":"https:\/\/w3master.com.br\/modelo05\/wp-json\/wp\/v2\/types\/product"}],"replies":[{"embeddable":true,"href":"https:\/\/w3master.com.br\/modelo05\/wp-json\/wp\/v2\/comments?post=703"}],"wp:featuredmedia":[{"embeddable":true,"href":"https:\/\/w3master.com.br\/modelo05\/wp-json\/wp\/v2\/media\/704"}],"wp:attachment":[{"href":"https:\/\/w3master.com.br\/modelo05\/wp-json\/wp\/v2\/media?parent=703"}],"wp:term":[{"taxonomy":"product_cat","embeddable":true,"href":"https:\/\/w3master.com.br\/modelo05\/wp-json\/wp\/v2\/product_cat?post=703"},{"taxonomy":"product_tag","embeddable":true,"href":"https:\/\/w3master.com.br\/modelo05\/wp-json\/wp\/v2\/product_tag?post=703"}],"curies":[{"name":"wp","href":"https:\/\/api.w.org\/{rel}","templated":true}]}}