{"id":713,"date":"2024-10-02T18:41:01","date_gmt":"2024-10-02T21:41:01","guid":{"rendered":"https:\/\/w3master.com.br\/modelo05\/?post_type=product&#038;p=713"},"modified":"2024-10-02T18:43:53","modified_gmt":"2024-10-02T21:43:53","slug":"power-protein-bar-90g-dark-chocolate-8-unidades","status":"publish","type":"product","link":"https:\/\/w3master.com.br\/modelo05\/product\/power-protein-bar-90g-dark-chocolate-8-unidades\/","title":{"rendered":"Power Protein Bar 90G &#8211; Dark chocolate &#8211; 8 unidades"},"content":{"rendered":"<p>Voc\u00ea sabia?<\/p>\n<p>Uma dieta equilibrada, associada a atividade f\u00edsica, fornece v\u00e1rios benef\u00edcios ao organismo, dentre eles, o ganho de massa muscular.<\/p>\n<p>O principal nutriente envolvido nesse \u00e9 a prote\u00edna que se relaciona com a s\u00edntese e repara\u00e7\u00e3o do tecido muscular.<\/p>\n<p>A qualidade proteica \u00e9 fundamental, sendo que o Whey Protein (WP) apresenta alta concentra\u00e7\u00e3o de amino\u00e1cidos essenciais, r\u00e1pida digestibilidade e absor\u00e7\u00e3o.<\/p>\n<p>V\u00e1rios produtos t\u00eam sido desenvolvidos com o objetivo de aperfei\u00e7oar a ingest\u00e3o de nutrientes e equilibrar suas necessidades nutricionais espec\u00edficas.<\/p>\n<p>As barras proteicas tornaram-se uma boa alternativa, pois suprem o gasto imediato de calorias e prote\u00ednas.<\/p>\n","protected":false},"excerpt":{"rendered":"<p>Voc\u00ea sabia? Uma dieta equilibrada, associada a atividade f\u00edsica, fornece v\u00e1rios benef\u00edcios ao organismo, dentre eles, o ganho de massa muscular. O principal nutriente envolvido nesse \u00e9 a prote\u00edna que se relaciona com a s\u00edntese e repara\u00e7\u00e3o do tecido muscular. A qualidade proteica \u00e9 fundamental, sendo que o Whey Protein (WP) apresenta alta concentra\u00e7\u00e3o de [&hellip;]<\/p>\n","protected":false},"featured_media":714,"comment_status":"open","ping_status":"closed","template":"","meta":[],"product_cat":[57],"product_tag":[],"class_list":{"0":"post-713","1":"product","2":"type-product","3":"status-publish","4":"has-post-thumbnail","6":"product_cat-barras-de-proteinas","8":"first","9":"instock","10":"sale","11":"shipping-taxable","12":"purchasable","13":"product-type-simple"},"_links":{"self":[{"href":"https:\/\/w3master.com.br\/modelo05\/wp-json\/wp\/v2\/product\/713"}],"collection":[{"href":"https:\/\/w3master.com.br\/modelo05\/wp-json\/wp\/v2\/product"}],"about":[{"href":"https:\/\/w3master.com.br\/modelo05\/wp-json\/wp\/v2\/types\/product"}],"replies":[{"embeddable":true,"href":"https:\/\/w3master.com.br\/modelo05\/wp-json\/wp\/v2\/comments?post=713"}],"wp:featuredmedia":[{"embeddable":true,"href":"https:\/\/w3master.com.br\/modelo05\/wp-json\/wp\/v2\/media\/714"}],"wp:attachment":[{"href":"https:\/\/w3master.com.br\/modelo05\/wp-json\/wp\/v2\/media?parent=713"}],"wp:term":[{"taxonomy":"product_cat","embeddable":true,"href":"https:\/\/w3master.com.br\/modelo05\/wp-json\/wp\/v2\/product_cat?post=713"},{"taxonomy":"product_tag","embeddable":true,"href":"https:\/\/w3master.com.br\/modelo05\/wp-json\/wp\/v2\/product_tag?post=713"}],"curies":[{"name":"wp","href":"https:\/\/api.w.org\/{rel}","templated":true}]}}