{"id":726,"date":"2024-10-02T19:14:40","date_gmt":"2024-10-02T22:14:40","guid":{"rendered":"https:\/\/w3master.com.br\/modelo05\/?post_type=product&#038;p=726"},"modified":"2024-10-02T19:29:00","modified_gmt":"2024-10-02T22:29:00","slug":"bcaa-1011-200g-em-po","status":"publish","type":"product","link":"https:\/\/w3master.com.br\/modelo05\/product\/bcaa-1011-200g-em-po\/","title":{"rendered":"BCAA (10:1:1) (200g) (em p\u00f3)"},"content":{"rendered":"<p class=\"section1-titulo\">O que \u00e9 BCAA (10:1:1)?<\/p>\n<p class=\"section1-texto\">O BCAA \u00e9 a sigla\u00a0para\u00a0<i>Branched Chain Amino Acids<\/i>, isto \u00e9,\u00a0amino\u00e1cidos\u00a0de cadeia ramificada. Esse suplemento \u00e9 composto pelos chamados amino\u00e1cidos essenciais &#8211; nutrientes que o nosso corpo n\u00e3o consegue produzir. Por isso, \u00e9 necess\u00e1rio que eles estejam presentes na dieta para serem utilizados pelo organismo.<\/p>\n<p class=\"section1-texto\">O grande diferencial \u00e9 que o BCAA garante uma combina\u00e7\u00e3o perfeita para quem necessita de praticidade no dia a dia. \u00c9 o mesmo caso de\u00a0suplementos famosos, como o Whey Protein.<\/p>\n","protected":false},"excerpt":{"rendered":"<p>O que \u00e9 BCAA (10:1:1)? O BCAA \u00e9 a sigla\u00a0para\u00a0Branched Chain Amino Acids, isto \u00e9,\u00a0amino\u00e1cidos\u00a0de cadeia ramificada. Esse suplemento \u00e9 composto pelos chamados amino\u00e1cidos essenciais &#8211; nutrientes que o nosso corpo n\u00e3o consegue produzir. Por isso, \u00e9 necess\u00e1rio que eles estejam presentes na dieta para serem utilizados pelo organismo. O grande diferencial \u00e9 que o [&hellip;]<\/p>\n","protected":false},"featured_media":733,"comment_status":"open","ping_status":"closed","template":"","meta":[],"product_cat":[57],"product_tag":[],"class_list":{"0":"post-726","1":"product","2":"type-product","3":"status-publish","4":"has-post-thumbnail","6":"product_cat-barras-de-proteinas","8":"first","9":"instock","10":"shipping-taxable","11":"purchasable","12":"product-type-simple"},"_links":{"self":[{"href":"https:\/\/w3master.com.br\/modelo05\/wp-json\/wp\/v2\/product\/726"}],"collection":[{"href":"https:\/\/w3master.com.br\/modelo05\/wp-json\/wp\/v2\/product"}],"about":[{"href":"https:\/\/w3master.com.br\/modelo05\/wp-json\/wp\/v2\/types\/product"}],"replies":[{"embeddable":true,"href":"https:\/\/w3master.com.br\/modelo05\/wp-json\/wp\/v2\/comments?post=726"}],"wp:featuredmedia":[{"embeddable":true,"href":"https:\/\/w3master.com.br\/modelo05\/wp-json\/wp\/v2\/media\/733"}],"wp:attachment":[{"href":"https:\/\/w3master.com.br\/modelo05\/wp-json\/wp\/v2\/media?parent=726"}],"wp:term":[{"taxonomy":"product_cat","embeddable":true,"href":"https:\/\/w3master.com.br\/modelo05\/wp-json\/wp\/v2\/product_cat?post=726"},{"taxonomy":"product_tag","embeddable":true,"href":"https:\/\/w3master.com.br\/modelo05\/wp-json\/wp\/v2\/product_tag?post=726"}],"curies":[{"name":"wp","href":"https:\/\/api.w.org\/{rel}","templated":true}]}}