{"id":727,"date":"2024-10-02T19:14:40","date_gmt":"2024-10-02T22:14:40","guid":{"rendered":"https:\/\/w3master.com.br\/modelo05\/?post_type=product&#038;p=727"},"modified":"2024-10-02T19:22:26","modified_gmt":"2024-10-02T22:22:26","slug":"cafeina-100mg-120comp","status":"publish","type":"product","link":"https:\/\/w3master.com.br\/modelo05\/product\/cafeina-100mg-120comp\/","title":{"rendered":"Cafe\u00edna &#8211; 120COMP (100MG)"},"content":{"rendered":"<p class=\"dark-text\">Cafe\u00edna (100mg) 120 comp &#8211; Growth Supplements<\/p>\n<p>A cafe\u00edna \u00e9 o suplemento mais conhecido e requisitado por atletas e desportistas no \u00e2mbito das academias, por sua a\u00e7\u00e3o estimulante capaz de proporcionar mais vigor e energia, que ajudam a melhorar a performance em treinos e atividades f\u00edsicas.<\/p>\n<p>Ela tamb\u00e9m apresenta efeito termog\u00eanico, que promove maior gasto cal\u00f3rico e consequente maiores chances de queima de gordura corporal, sendo um poderoso aliado no processo de emagrecimento.<\/p>\n","protected":false},"excerpt":{"rendered":"<p>Cafe\u00edna (100mg) 120 comp &#8211; Growth Supplements A cafe\u00edna \u00e9 o suplemento mais conhecido e requisitado por atletas e desportistas no \u00e2mbito das academias, por sua a\u00e7\u00e3o estimulante capaz de proporcionar mais vigor e energia, que ajudam a melhorar a performance em treinos e atividades f\u00edsicas. Ela tamb\u00e9m apresenta efeito termog\u00eanico, que promove maior gasto [&hellip;]<\/p>\n","protected":false},"featured_media":729,"comment_status":"open","ping_status":"closed","template":"","meta":[],"product_cat":[58],"product_tag":[],"class_list":{"0":"post-727","1":"product","2":"type-product","3":"status-publish","4":"has-post-thumbnail","6":"product_cat-pre-treinos","8":"first","9":"instock","10":"shipping-taxable","11":"purchasable","12":"product-type-simple"},"_links":{"self":[{"href":"https:\/\/w3master.com.br\/modelo05\/wp-json\/wp\/v2\/product\/727"}],"collection":[{"href":"https:\/\/w3master.com.br\/modelo05\/wp-json\/wp\/v2\/product"}],"about":[{"href":"https:\/\/w3master.com.br\/modelo05\/wp-json\/wp\/v2\/types\/product"}],"replies":[{"embeddable":true,"href":"https:\/\/w3master.com.br\/modelo05\/wp-json\/wp\/v2\/comments?post=727"}],"wp:featuredmedia":[{"embeddable":true,"href":"https:\/\/w3master.com.br\/modelo05\/wp-json\/wp\/v2\/media\/729"}],"wp:attachment":[{"href":"https:\/\/w3master.com.br\/modelo05\/wp-json\/wp\/v2\/media?parent=727"}],"wp:term":[{"taxonomy":"product_cat","embeddable":true,"href":"https:\/\/w3master.com.br\/modelo05\/wp-json\/wp\/v2\/product_cat?post=727"},{"taxonomy":"product_tag","embeddable":true,"href":"https:\/\/w3master.com.br\/modelo05\/wp-json\/wp\/v2\/product_tag?post=727"}],"curies":[{"name":"wp","href":"https:\/\/api.w.org\/{rel}","templated":true}]}}