{"id":734,"date":"2024-10-02T19:26:01","date_gmt":"2024-10-02T22:26:01","guid":{"rendered":"https:\/\/w3master.com.br\/modelo05\/?post_type=product&#038;p=734"},"modified":"2024-10-02T19:34:48","modified_gmt":"2024-10-02T22:34:48","slug":"pre-treino-insanity-300g","status":"publish","type":"product","link":"https:\/\/w3master.com.br\/modelo05\/product\/pre-treino-insanity-300g\/","title":{"rendered":"Pr\u00e9-treino Insanity 300g"},"content":{"rendered":"<p class=\"dark-text\">o que \u00e9 um pr\u00e9-treino?<\/p>\n<p>\u201cPr\u00e9-treino\u201d \u00e9 tudo aquilo que pode ser consumido como fonte de nutrientes e energia na refei\u00e7\u00e3o que antecede o treino.<\/p>\n<p>N\u00e3o h\u00e1 limita\u00e7\u00e3o, podemos falar de uma refei\u00e7\u00e3o &#8211; alimentos ou podemos falar de suplementos. Por conveni\u00eancia os suplementos pr\u00e9-treino s\u00e3o confeccionados com subst\u00e2ncias fontes de calorias e\/ou subst\u00e2ncias estimulantes da performance f\u00edsica isentos de calorias.<\/p>\n<p>Lembrando que um profissional nutricionista deve ser consultado a fim de verificar suas necessidades nutricionais, garantindo assim os efeitos do pr\u00e9-treino.<\/p>\n<p>O\u00a0<b>pr\u00e9-treino Insanity<\/b>\u00a0foi desenvolvido pela equipe Growth Supplements justamente para deixar seu treino INSANO!!!<\/p>\n","protected":false},"excerpt":{"rendered":"<p>o que \u00e9 um pr\u00e9-treino? \u201cPr\u00e9-treino\u201d \u00e9 tudo aquilo que pode ser consumido como fonte de nutrientes e energia na refei\u00e7\u00e3o que antecede o treino. N\u00e3o h\u00e1 limita\u00e7\u00e3o, podemos falar de uma refei\u00e7\u00e3o &#8211; alimentos ou podemos falar de suplementos. Por conveni\u00eancia os suplementos pr\u00e9-treino s\u00e3o confeccionados com subst\u00e2ncias fontes de calorias e\/ou subst\u00e2ncias estimulantes [&hellip;]<\/p>\n","protected":false},"featured_media":739,"comment_status":"open","ping_status":"closed","template":"","meta":[],"product_cat":[58],"product_tag":[],"class_list":{"0":"post-734","1":"product","2":"type-product","3":"status-publish","4":"has-post-thumbnail","6":"product_cat-pre-treinos","8":"first","9":"instock","10":"sale","11":"shipping-taxable","12":"purchasable","13":"product-type-simple"},"_links":{"self":[{"href":"https:\/\/w3master.com.br\/modelo05\/wp-json\/wp\/v2\/product\/734"}],"collection":[{"href":"https:\/\/w3master.com.br\/modelo05\/wp-json\/wp\/v2\/product"}],"about":[{"href":"https:\/\/w3master.com.br\/modelo05\/wp-json\/wp\/v2\/types\/product"}],"replies":[{"embeddable":true,"href":"https:\/\/w3master.com.br\/modelo05\/wp-json\/wp\/v2\/comments?post=734"}],"wp:featuredmedia":[{"embeddable":true,"href":"https:\/\/w3master.com.br\/modelo05\/wp-json\/wp\/v2\/media\/739"}],"wp:attachment":[{"href":"https:\/\/w3master.com.br\/modelo05\/wp-json\/wp\/v2\/media?parent=734"}],"wp:term":[{"taxonomy":"product_cat","embeddable":true,"href":"https:\/\/w3master.com.br\/modelo05\/wp-json\/wp\/v2\/product_cat?post=734"},{"taxonomy":"product_tag","embeddable":true,"href":"https:\/\/w3master.com.br\/modelo05\/wp-json\/wp\/v2\/product_tag?post=734"}],"curies":[{"name":"wp","href":"https:\/\/api.w.org\/{rel}","templated":true}]}}