{"id":735,"date":"2024-10-02T19:26:02","date_gmt":"2024-10-02T22:26:02","guid":{"rendered":"https:\/\/w3master.com.br\/modelo05\/?post_type=product&#038;p=735"},"modified":"2024-10-02T19:32:16","modified_gmt":"2024-10-02T22:32:16","slug":"bcaa-511-200g-em-po","status":"publish","type":"product","link":"https:\/\/w3master.com.br\/modelo05\/product\/bcaa-511-200g-em-po\/","title":{"rendered":"BCAA (5:1:1) (200g) (em p\u00f3)"},"content":{"rendered":"<p class=\"section1-conteudo-titulo\">Quais s\u00e3o os benef\u00edcios do BCAA?<\/p>\n<p class=\"section1-titulo\"><span class=\"section1-conteudo-texto\">Esse suplemento oferece excelentes concentra\u00e7\u00f5es de\u00a0Leucina, Valina e Isoleucina. Esses tr\u00eas componentes s\u00e3o os famosos amino\u00e1cidos de cadeia ramificada, conhecidos tamb\u00e9m como amino\u00e1cidos essenciais. <\/span><\/p>\n<p class=\"section1-titulo\"><span class=\"section1-conteudo-texto\">Eles precisam ser ingeridos por meio da dieta, justamente porque nosso corpo n\u00e3o \u00e9 capaz de produzi-los por conta pr\u00f3pria, tornando esse produto excelente para quem est\u00e1 buscando o ganho de massa muscular e o emagrecimento, isso porque eles comp\u00f5em um ter\u00e7o de todo o tecido muscular do nosso organismo. <\/span><\/p>\n<p class=\"section1-titulo\"><span class=\"section1-conteudo-texto\">Aproveite as melhores op\u00e7\u00f5es de\u00a0BCAA\u00a0na hora de focar no seu treino e na\u00a0dieta.<\/span><\/p>\n","protected":false},"excerpt":{"rendered":"<p>Quais s\u00e3o os benef\u00edcios do BCAA? Esse suplemento oferece excelentes concentra\u00e7\u00f5es de\u00a0Leucina, Valina e Isoleucina. Esses tr\u00eas componentes s\u00e3o os famosos amino\u00e1cidos de cadeia ramificada, conhecidos tamb\u00e9m como amino\u00e1cidos essenciais. Eles precisam ser ingeridos por meio da dieta, justamente porque nosso corpo n\u00e3o \u00e9 capaz de produzi-los por conta pr\u00f3pria, tornando esse produto excelente para [&hellip;]<\/p>\n","protected":false},"featured_media":737,"comment_status":"open","ping_status":"closed","template":"","meta":[],"product_cat":[58],"product_tag":[],"class_list":{"0":"post-735","1":"product","2":"type-product","3":"status-publish","4":"has-post-thumbnail","6":"product_cat-pre-treinos","8":"first","9":"instock","10":"shipping-taxable","11":"purchasable","12":"product-type-simple"},"_links":{"self":[{"href":"https:\/\/w3master.com.br\/modelo05\/wp-json\/wp\/v2\/product\/735"}],"collection":[{"href":"https:\/\/w3master.com.br\/modelo05\/wp-json\/wp\/v2\/product"}],"about":[{"href":"https:\/\/w3master.com.br\/modelo05\/wp-json\/wp\/v2\/types\/product"}],"replies":[{"embeddable":true,"href":"https:\/\/w3master.com.br\/modelo05\/wp-json\/wp\/v2\/comments?post=735"}],"wp:featuredmedia":[{"embeddable":true,"href":"https:\/\/w3master.com.br\/modelo05\/wp-json\/wp\/v2\/media\/737"}],"wp:attachment":[{"href":"https:\/\/w3master.com.br\/modelo05\/wp-json\/wp\/v2\/media?parent=735"}],"wp:term":[{"taxonomy":"product_cat","embeddable":true,"href":"https:\/\/w3master.com.br\/modelo05\/wp-json\/wp\/v2\/product_cat?post=735"},{"taxonomy":"product_tag","embeddable":true,"href":"https:\/\/w3master.com.br\/modelo05\/wp-json\/wp\/v2\/product_tag?post=735"}],"curies":[{"name":"wp","href":"https:\/\/api.w.org\/{rel}","templated":true}]}}