{"id":740,"date":"2024-10-02T20:16:46","date_gmt":"2024-10-02T23:16:46","guid":{"rendered":"https:\/\/w3master.com.br\/modelo05\/?post_type=product&#038;p=740"},"modified":"2024-10-02T20:28:22","modified_gmt":"2024-10-02T23:28:22","slug":"creatina-monohidratada-250g","status":"publish","type":"product","link":"https:\/\/w3master.com.br\/modelo05\/product\/creatina-monohidratada-250g\/","title":{"rendered":"Creatina Monohidratada 250g"},"content":{"rendered":"<p>O que \u00e9 Creatina Monohidratada?<\/p>\n<p>Quimicamente, a\u00a0<b>creatina monohidratada<\/b>\u00a0\u00e9 chamada de amina, um composto derivado de amino\u00e1cidos que pode ser obtido por meio da dieta (alimentos), da s\u00edntese feita por nosso pr\u00f3prio organismo ou da suplementa\u00e7\u00e3o. A creatina suplemento garante uma quantidade excelente desse nutriente no seu dia a dia. Isso faz com que o seu corpo tenha todas as necessidades supridas, com toda a energia para crescer e\u00a0<b>n\u00e3o perder a massa muscular conquistada nos treinos.<\/b><\/p>\n<p>A creatina produzida em nosso corpo, \u00e9 sintetizada nos rins, f\u00edgado e no p\u00e2ncreas, e secretada na corrente sangu\u00ednea at\u00e9 o tecido muscular. J\u00e1 quando o assunto \u00e9 o suplemento alimentar de creatina, sua fabrica\u00e7\u00e3o \u00e9 feita por meio de m\u00e9todos avan\u00e7ados da tecnologia dos alimentos. Uma de suas caracter\u00edsticas \u00e9 que seu sabor n\u00e3o \u00e9 acentuado e, por isso, ela pode ser dilu\u00edda no l\u00edquido de sua prefer\u00eancia.<\/p>\n","protected":false},"excerpt":{"rendered":"<p>O que \u00e9 Creatina Monohidratada? Quimicamente, a\u00a0creatina monohidratada\u00a0\u00e9 chamada de amina, um composto derivado de amino\u00e1cidos que pode ser obtido por meio da dieta (alimentos), da s\u00edntese feita por nosso pr\u00f3prio organismo ou da suplementa\u00e7\u00e3o. A creatina suplemento garante uma quantidade excelente desse nutriente no seu dia a dia. Isso faz com que o seu [&hellip;]<\/p>\n","protected":false},"featured_media":741,"comment_status":"open","ping_status":"closed","template":"","meta":[],"product_cat":[59],"product_tag":[],"class_list":{"0":"post-740","1":"product","2":"type-product","3":"status-publish","4":"has-post-thumbnail","6":"product_cat-creatina","8":"first","9":"instock","10":"shipping-taxable","11":"purchasable","12":"product-type-simple"},"_links":{"self":[{"href":"https:\/\/w3master.com.br\/modelo05\/wp-json\/wp\/v2\/product\/740"}],"collection":[{"href":"https:\/\/w3master.com.br\/modelo05\/wp-json\/wp\/v2\/product"}],"about":[{"href":"https:\/\/w3master.com.br\/modelo05\/wp-json\/wp\/v2\/types\/product"}],"replies":[{"embeddable":true,"href":"https:\/\/w3master.com.br\/modelo05\/wp-json\/wp\/v2\/comments?post=740"}],"wp:featuredmedia":[{"embeddable":true,"href":"https:\/\/w3master.com.br\/modelo05\/wp-json\/wp\/v2\/media\/741"}],"wp:attachment":[{"href":"https:\/\/w3master.com.br\/modelo05\/wp-json\/wp\/v2\/media?parent=740"}],"wp:term":[{"taxonomy":"product_cat","embeddable":true,"href":"https:\/\/w3master.com.br\/modelo05\/wp-json\/wp\/v2\/product_cat?post=740"},{"taxonomy":"product_tag","embeddable":true,"href":"https:\/\/w3master.com.br\/modelo05\/wp-json\/wp\/v2\/product_tag?post=740"}],"curies":[{"name":"wp","href":"https:\/\/api.w.org\/{rel}","templated":true}]}}