{"id":752,"date":"2024-10-02T20:34:06","date_gmt":"2024-10-02T23:34:06","guid":{"rendered":"https:\/\/w3master.com.br\/modelo05\/?post_type=product&#038;p=752"},"modified":"2024-10-02T20:46:24","modified_gmt":"2024-10-02T23:46:24","slug":"whey-protein","status":"publish","type":"product","link":"https:\/\/w3master.com.br\/modelo05\/product\/whey-protein\/","title":{"rendered":"Whey Protein Isolado (1KG)"},"content":{"rendered":"<section class=\"sobre-1\">\n<div class=\"weContainer align-justify align-middle\">\n<div class=\"weContainer-autoCol12 beneficios-wrapper-col\">\n<div class=\"sobre-1-desc\">\n<div class=\"row\">\n<p class=\"sobre-1-text2\"><span class=\"section1-titulo\">O que \u00e9 Whey Protein Isolado?<\/span><\/p>\n<div class=\"section1-conteudo-container\">\n<div class=\"section1-texto\">\n<p>Produto com alt\u00edssima concentra\u00e7\u00e3o de prote\u00ednas, o suplemento whey protein isolado \u00e9 a melhor escolha para quem deseja garantir excelentes fontes proteicas para o desenvolvimento do corpo.<\/p>\n<p>O whey protein isolado \u00e9 produzido a partir do soro do leite, um subproduto resultante da propor\u00e7\u00e3o aquosa do leite gerada durante o processo de fabrica\u00e7\u00e3o do queijo. Durante d\u00e9cadas, essa parte do leite era dispensada pela ind\u00fatria de alimentos. Somente a partir da d\u00e9cada de 70 os cientistas passaram a estudar suas propriedades.<\/p>\n<p>O whey protein possui alto valor nutricional devido a presen\u00e7a de prote\u00ednas com elevado teor de amino\u00e1cidos essenciais de r\u00e1pida digest\u00e3o e absor\u00e7\u00e3o intestinal, podendo impactar diretamente nos resultados f\u00edsicos. Os benef\u00edcios do uso desse suplemento podem ser sentidos em diversos aspectos da sa\u00fade, desde o bem-estar at\u00e9 a imunidade. N\u00e3o \u00e9 \u00e0 toa que o Whey Protein se tornou a primeira escolha em qualquer academia. Descubra aqui, na Growth, o que \u00e9\u00a0<span class=\"bold\">whey protein isolado.<\/span><\/p>\n<\/div>\n<\/div>\n<\/div>\n<\/div>\n<\/div>\n<\/div>\n<\/section>\n","protected":false},"excerpt":{"rendered":"<p>O que \u00e9 Whey Protein Isolado? Produto com alt\u00edssima concentra\u00e7\u00e3o de prote\u00ednas, o suplemento whey protein isolado \u00e9 a melhor escolha para quem deseja garantir excelentes fontes proteicas para o desenvolvimento do corpo. O whey protein isolado \u00e9 produzido a partir do soro do leite, um subproduto resultante da propor\u00e7\u00e3o aquosa do leite gerada durante [&hellip;]<\/p>\n","protected":false},"featured_media":755,"comment_status":"open","ping_status":"closed","template":"","meta":[],"product_cat":[60],"product_tag":[],"class_list":{"0":"post-752","1":"product","2":"type-product","3":"status-publish","4":"has-post-thumbnail","6":"product_cat-whey-protein","8":"first","9":"instock","10":"sale","11":"shipping-taxable","12":"purchasable","13":"product-type-simple"},"_links":{"self":[{"href":"https:\/\/w3master.com.br\/modelo05\/wp-json\/wp\/v2\/product\/752"}],"collection":[{"href":"https:\/\/w3master.com.br\/modelo05\/wp-json\/wp\/v2\/product"}],"about":[{"href":"https:\/\/w3master.com.br\/modelo05\/wp-json\/wp\/v2\/types\/product"}],"replies":[{"embeddable":true,"href":"https:\/\/w3master.com.br\/modelo05\/wp-json\/wp\/v2\/comments?post=752"}],"wp:featuredmedia":[{"embeddable":true,"href":"https:\/\/w3master.com.br\/modelo05\/wp-json\/wp\/v2\/media\/755"}],"wp:attachment":[{"href":"https:\/\/w3master.com.br\/modelo05\/wp-json\/wp\/v2\/media?parent=752"}],"wp:term":[{"taxonomy":"product_cat","embeddable":true,"href":"https:\/\/w3master.com.br\/modelo05\/wp-json\/wp\/v2\/product_cat?post=752"},{"taxonomy":"product_tag","embeddable":true,"href":"https:\/\/w3master.com.br\/modelo05\/wp-json\/wp\/v2\/product_tag?post=752"}],"curies":[{"name":"wp","href":"https:\/\/api.w.org\/{rel}","templated":true}]}}