{"id":756,"date":"2024-10-02T20:41:59","date_gmt":"2024-10-02T23:41:59","guid":{"rendered":"https:\/\/w3master.com.br\/modelo05\/?post_type=product&#038;p=756"},"modified":"2024-10-02T20:46:24","modified_gmt":"2024-10-02T23:46:24","slug":"3w-whey-protein-1kg","status":"publish","type":"product","link":"https:\/\/w3master.com.br\/modelo05\/product\/3w-whey-protein-1kg\/","title":{"rendered":"3W Whey Protein (1kg)"},"content":{"rendered":"<section class=\"sobre-1\">\n<div class=\"weContainer align-justify align-middle\">\n<div class=\"weContainer-autoCol12 beneficios-wrapper-col\">\n<div class=\"sobre-1-desc\">\n<div class=\"row\">\n<p class=\"grey\">3W Whey Protein<\/p>\n<p>Encontrar o Whey Protein certo para a sua dieta nem sempre \u00e9 algo f\u00e1cil. Os tr\u00eas tipos s\u00e3o excelentes, conseguindo se encaixar com perfei\u00e7\u00e3o em cada tipo de dieta e objetivo.<\/p>\n<p>A prote\u00edna \u00e9 algo essencial e n\u00e3o pode faltar na sua dieta de hipertrofia. Se voc\u00ea busca um produto que consiga conciliar o Whey Protein Concentrado, Whey Protein Isolado e Whey Protein Hidrolisado, o 3 Whey Protein \u00e9 a escolha certa.<\/p>\n<p>Ao inv\u00e9s de precisar comprar um pacote de cada um deles, voc\u00ea aposta em um \u00fanico produto com tudo que precisa para crescer. Conte com a Growth, n\u00f3s pensamos em tudo!<\/p>\n<\/div>\n<\/div>\n<\/div>\n<\/div>\n<\/section>\n","protected":false},"excerpt":{"rendered":"<p>3W Whey Protein Encontrar o Whey Protein certo para a sua dieta nem sempre \u00e9 algo f\u00e1cil. Os tr\u00eas tipos s\u00e3o excelentes, conseguindo se encaixar com perfei\u00e7\u00e3o em cada tipo de dieta e objetivo. A prote\u00edna \u00e9 algo essencial e n\u00e3o pode faltar na sua dieta de hipertrofia. Se voc\u00ea busca um produto que consiga [&hellip;]<\/p>\n","protected":false},"featured_media":759,"comment_status":"open","ping_status":"closed","template":"","meta":[],"product_cat":[60],"product_tag":[],"class_list":{"0":"post-756","1":"product","2":"type-product","3":"status-publish","4":"has-post-thumbnail","6":"product_cat-whey-protein","8":"first","9":"instock","10":"sale","11":"shipping-taxable","12":"purchasable","13":"product-type-simple"},"_links":{"self":[{"href":"https:\/\/w3master.com.br\/modelo05\/wp-json\/wp\/v2\/product\/756"}],"collection":[{"href":"https:\/\/w3master.com.br\/modelo05\/wp-json\/wp\/v2\/product"}],"about":[{"href":"https:\/\/w3master.com.br\/modelo05\/wp-json\/wp\/v2\/types\/product"}],"replies":[{"embeddable":true,"href":"https:\/\/w3master.com.br\/modelo05\/wp-json\/wp\/v2\/comments?post=756"}],"wp:featuredmedia":[{"embeddable":true,"href":"https:\/\/w3master.com.br\/modelo05\/wp-json\/wp\/v2\/media\/759"}],"wp:attachment":[{"href":"https:\/\/w3master.com.br\/modelo05\/wp-json\/wp\/v2\/media?parent=756"}],"wp:term":[{"taxonomy":"product_cat","embeddable":true,"href":"https:\/\/w3master.com.br\/modelo05\/wp-json\/wp\/v2\/product_cat?post=756"},{"taxonomy":"product_tag","embeddable":true,"href":"https:\/\/w3master.com.br\/modelo05\/wp-json\/wp\/v2\/product_tag?post=756"}],"curies":[{"name":"wp","href":"https:\/\/api.w.org\/{rel}","templated":true}]}}