{"id":760,"date":"2024-10-02T20:51:04","date_gmt":"2024-10-02T23:51:04","guid":{"rendered":"https:\/\/w3master.com.br\/modelo05\/?post_type=product&#038;p=760"},"modified":"2024-10-02T20:51:04","modified_gmt":"2024-10-02T23:51:04","slug":"pack-2x-100-pure-whey-refil-900g-baunilha-chocolate","status":"publish","type":"product","link":"https:\/\/w3master.com.br\/modelo05\/product\/pack-2x-100-pure-whey-refil-900g-baunilha-chocolate\/","title":{"rendered":"Pack 2x 100% Pure Whey Refil 900g &#8211; Baunilha + Chocolate"},"content":{"rendered":"<p>Pack: 2x Unidades de 100% Pure Whey Refil<\/p>\n<p><b>100% PURE WHEY\u00ae\u00a0<\/b>\u00e9 o suplemento proteico campe\u00e3o de vendas Probi\u00f3tica, composto basicamente por prote\u00edna concentrada do soro do leite (whey protein concentrate), mat\u00e9ria-prima elaborada com alta tecnologia e com elevada concentra\u00e7\u00e3o de amino\u00e1cidos.<\/p>\n<p>De preparo instant\u00e2neo, 100% PURE WHEY\u00ae \u00e9 indicado para ser tomado antes e\/ou ap\u00f3s os exerc\u00edcios.<\/p>\n","protected":false},"excerpt":{"rendered":"<p>Pack: 2x Unidades de 100% Pure Whey Refil 100% PURE WHEY\u00ae\u00a0\u00e9 o suplemento proteico campe\u00e3o de vendas Probi\u00f3tica, composto basicamente por prote\u00edna concentrada do soro do leite (whey protein concentrate), mat\u00e9ria-prima elaborada com alta tecnologia e com elevada concentra\u00e7\u00e3o de amino\u00e1cidos. De preparo instant\u00e2neo, 100% PURE WHEY\u00ae \u00e9 indicado para ser tomado antes e\/ou ap\u00f3s [&hellip;]<\/p>\n","protected":false},"featured_media":761,"comment_status":"open","ping_status":"closed","template":"","meta":[],"product_cat":[60],"product_tag":[],"class_list":{"0":"post-760","1":"product","2":"type-product","3":"status-publish","4":"has-post-thumbnail","6":"product_cat-whey-protein","8":"first","9":"instock","10":"shipping-taxable","11":"purchasable","12":"product-type-simple"},"_links":{"self":[{"href":"https:\/\/w3master.com.br\/modelo05\/wp-json\/wp\/v2\/product\/760"}],"collection":[{"href":"https:\/\/w3master.com.br\/modelo05\/wp-json\/wp\/v2\/product"}],"about":[{"href":"https:\/\/w3master.com.br\/modelo05\/wp-json\/wp\/v2\/types\/product"}],"replies":[{"embeddable":true,"href":"https:\/\/w3master.com.br\/modelo05\/wp-json\/wp\/v2\/comments?post=760"}],"wp:featuredmedia":[{"embeddable":true,"href":"https:\/\/w3master.com.br\/modelo05\/wp-json\/wp\/v2\/media\/761"}],"wp:attachment":[{"href":"https:\/\/w3master.com.br\/modelo05\/wp-json\/wp\/v2\/media?parent=760"}],"wp:term":[{"taxonomy":"product_cat","embeddable":true,"href":"https:\/\/w3master.com.br\/modelo05\/wp-json\/wp\/v2\/product_cat?post=760"},{"taxonomy":"product_tag","embeddable":true,"href":"https:\/\/w3master.com.br\/modelo05\/wp-json\/wp\/v2\/product_tag?post=760"}],"curies":[{"name":"wp","href":"https:\/\/api.w.org\/{rel}","templated":true}]}}