{"id":699,"date":"2024-10-07T18:20:43","date_gmt":"2024-10-07T21:20:43","guid":{"rendered":"https:\/\/w3master.com.br\/modelo06\/?post_type=product&#038;p=699"},"modified":"2024-10-07T19:49:00","modified_gmt":"2024-10-07T22:49:00","slug":"racao-quatree-supreme-caes-adultos-racas-medias-e-grandes-frango-e-batata-doce-20kg","status":"publish","type":"product","link":"https:\/\/w3master.com.br\/modelo06\/product\/racao-quatree-supreme-caes-adultos-racas-medias-e-grandes-frango-e-batata-doce-20kg\/","title":{"rendered":"Ra\u00e7\u00e3o Quatree Supreme C\u00e3es Adultos Ra\u00e7as M\u00e9dias e Grandes Frango e Batata Doce &#8211; 20kg"},"content":{"rendered":"<p class=\"tudodebicho-store-theme-6-x-infos-pdp-title\">Informa\u00e7\u00f5es importantes<\/p>\n<div class=\"tudodebicho-store-theme-6-x-infos-pdp-content\">\n<ul>\n<li>Super Premium, qualidade rigorosa.<\/li>\n<li>Ingredientes premium e nutrac\u00eauticos.<\/li>\n<li>Conservantes naturais, sem transg\u00eanicos.<\/li>\n<li>DHA para sa\u00fade cognitiva e visual.<\/li>\n<li>\u00d4megas 3 e 6, biotina e zinco para pele e pelagem.<\/li>\n<li>Baixo f\u00f3sforo e s\u00f3dio, rins e cora\u00e7\u00e3o saud\u00e1veis.<\/li>\n<li>Taurina e L-carnitina, fun\u00e7\u00e3o card\u00edaca e visual.<\/li>\n<li>Fibras naturais, digestibilidade melhorada.<\/li>\n<\/ul>\n<\/div>\n","protected":false},"excerpt":{"rendered":"<p>Informa\u00e7\u00f5es importantes Super Premium, qualidade rigorosa. Ingredientes premium e nutrac\u00eauticos. Conservantes naturais, sem transg\u00eanicos. DHA para sa\u00fade cognitiva e visual. \u00d4megas 3 e 6, biotina e zinco para pele e pelagem. Baixo f\u00f3sforo e s\u00f3dio, rins e cora\u00e7\u00e3o saud\u00e1veis. Taurina e L-carnitina, fun\u00e7\u00e3o card\u00edaca e visual. Fibras naturais, digestibilidade melhorada.<\/p>\n","protected":false},"featured_media":701,"comment_status":"open","ping_status":"closed","template":"","meta":[],"product_cat":[56,57],"product_tag":[],"class_list":{"0":"post-699","1":"product","2":"type-product","3":"status-publish","4":"has-post-thumbnail","6":"product_cat-cachorros","7":"product_cat-racoes-cachorro","9":"first","10":"instock","11":"sale","12":"shipping-taxable","13":"purchasable","14":"product-type-simple"},"_links":{"self":[{"href":"https:\/\/w3master.com.br\/modelo06\/wp-json\/wp\/v2\/product\/699"}],"collection":[{"href":"https:\/\/w3master.com.br\/modelo06\/wp-json\/wp\/v2\/product"}],"about":[{"href":"https:\/\/w3master.com.br\/modelo06\/wp-json\/wp\/v2\/types\/product"}],"replies":[{"embeddable":true,"href":"https:\/\/w3master.com.br\/modelo06\/wp-json\/wp\/v2\/comments?post=699"}],"wp:featuredmedia":[{"embeddable":true,"href":"https:\/\/w3master.com.br\/modelo06\/wp-json\/wp\/v2\/media\/701"}],"wp:attachment":[{"href":"https:\/\/w3master.com.br\/modelo06\/wp-json\/wp\/v2\/media?parent=699"}],"wp:term":[{"taxonomy":"product_cat","embeddable":true,"href":"https:\/\/w3master.com.br\/modelo06\/wp-json\/wp\/v2\/product_cat?post=699"},{"taxonomy":"product_tag","embeddable":true,"href":"https:\/\/w3master.com.br\/modelo06\/wp-json\/wp\/v2\/product_tag?post=699"}],"curies":[{"name":"wp","href":"https:\/\/api.w.org\/{rel}","templated":true}]}}