{"id":702,"date":"2024-10-07T18:23:42","date_gmt":"2024-10-07T21:23:42","guid":{"rendered":"https:\/\/w3master.com.br\/modelo06\/?post_type=product&#038;p=702"},"modified":"2024-10-07T19:49:00","modified_gmt":"2024-10-07T22:49:00","slug":"racao-quatree-life-caes-adultos-racas-medias-e-grandes-frango-e-arroz-15kg","status":"publish","type":"product","link":"https:\/\/w3master.com.br\/modelo06\/product\/racao-quatree-life-caes-adultos-racas-medias-e-grandes-frango-e-arroz-15kg\/","title":{"rendered":"Ra\u00e7\u00e3o Quatree Life C\u00e3es Adultos Ra\u00e7as M\u00e9dias e Grandes Frango e Arroz &#8211; 15kg"},"content":{"rendered":"<p class=\"tudodebicho-store-theme-6-x-infos-pdp-title\">Informa\u00e7\u00f5es importantes<\/p>\n<div class=\"tudodebicho-store-theme-6-x-infos-pdp-content\">\n<ul>\n<li>Desenvolvida para c\u00e3es adultos de ra\u00e7as m\u00e9dias e grandes.<\/li>\n<li>Cont\u00e9m ingredientes selecionados, como frango e arroz.<\/li>\n<li>Proporciona uma alimenta\u00e7\u00e3o equilibrada e nutritiva.<\/li>\n<li>Favorece a digest\u00e3o devido ao uso de carboidratos de qualidade.<\/li>\n<li>Fonte de prote\u00ednas de alto valor biol\u00f3gico para o fortalecimento muscular.<\/li>\n<li>Contribui para a sa\u00fade intestinal e fezes firmes com prebi\u00f3ticos e fibras.<\/li>\n<li>Cont\u00e9m DHA para a sa\u00fade cognitiva e visual.<\/li>\n<li>Oferece energia e saciedade por meio do arroz.<\/li>\n<\/ul>\n<\/div>\n","protected":false},"excerpt":{"rendered":"<p>Informa\u00e7\u00f5es importantes Desenvolvida para c\u00e3es adultos de ra\u00e7as m\u00e9dias e grandes. Cont\u00e9m ingredientes selecionados, como frango e arroz. Proporciona uma alimenta\u00e7\u00e3o equilibrada e nutritiva. Favorece a digest\u00e3o devido ao uso de carboidratos de qualidade. Fonte de prote\u00ednas de alto valor biol\u00f3gico para o fortalecimento muscular. Contribui para a sa\u00fade intestinal e fezes firmes com prebi\u00f3ticos [&hellip;]<\/p>\n","protected":false},"featured_media":703,"comment_status":"open","ping_status":"closed","template":"","meta":[],"product_cat":[56,57],"product_tag":[],"class_list":{"0":"post-702","1":"product","2":"type-product","3":"status-publish","4":"has-post-thumbnail","6":"product_cat-cachorros","7":"product_cat-racoes-cachorro","9":"first","10":"instock","11":"sale","12":"shipping-taxable","13":"purchasable","14":"product-type-simple"},"_links":{"self":[{"href":"https:\/\/w3master.com.br\/modelo06\/wp-json\/wp\/v2\/product\/702"}],"collection":[{"href":"https:\/\/w3master.com.br\/modelo06\/wp-json\/wp\/v2\/product"}],"about":[{"href":"https:\/\/w3master.com.br\/modelo06\/wp-json\/wp\/v2\/types\/product"}],"replies":[{"embeddable":true,"href":"https:\/\/w3master.com.br\/modelo06\/wp-json\/wp\/v2\/comments?post=702"}],"wp:featuredmedia":[{"embeddable":true,"href":"https:\/\/w3master.com.br\/modelo06\/wp-json\/wp\/v2\/media\/703"}],"wp:attachment":[{"href":"https:\/\/w3master.com.br\/modelo06\/wp-json\/wp\/v2\/media?parent=702"}],"wp:term":[{"taxonomy":"product_cat","embeddable":true,"href":"https:\/\/w3master.com.br\/modelo06\/wp-json\/wp\/v2\/product_cat?post=702"},{"taxonomy":"product_tag","embeddable":true,"href":"https:\/\/w3master.com.br\/modelo06\/wp-json\/wp\/v2\/product_tag?post=702"}],"curies":[{"name":"wp","href":"https:\/\/api.w.org\/{rel}","templated":true}]}}