{"id":723,"date":"2024-10-07T19:40:56","date_gmt":"2024-10-07T22:40:56","guid":{"rendered":"https:\/\/w3master.com.br\/modelo06\/?post_type=product&#038;p=723"},"modified":"2024-10-07T19:49:33","modified_gmt":"2024-10-07T22:49:33","slug":"focinheira-para-caes-aco","status":"publish","type":"product","link":"https:\/\/w3master.com.br\/modelo06\/product\/focinheira-para-caes-aco\/","title":{"rendered":"Focinheira Para C\u00e3es A\u00e7o"},"content":{"rendered":"<p class=\"tudodebicho-store-theme-6-x-infos-pdp-title\">Informa\u00e7\u00f5es importantes<\/p>\n<ul>\n<li>Indicado para c\u00e3es;<\/li>\n<li>Item de seguran\u00e7a;<\/li>\n<li>Ajuda o pet a socializar com outros animais;<\/li>\n<li>N\u00e3o machuca.<\/li>\n<\/ul>\n","protected":false},"excerpt":{"rendered":"<p>Informa\u00e7\u00f5es importantes Indicado para c\u00e3es; Item de seguran\u00e7a; Ajuda o pet a socializar com outros animais; N\u00e3o machuca.<\/p>\n","protected":false},"featured_media":726,"comment_status":"open","ping_status":"closed","template":"","meta":[],"product_cat":[56,60],"product_tag":[],"class_list":{"0":"post-723","1":"product","2":"type-product","3":"status-publish","4":"has-post-thumbnail","6":"product_cat-cachorros","7":"product_cat-produtos-para-passeios","9":"first","10":"instock","11":"shipping-taxable","12":"purchasable","13":"product-type-simple"},"_links":{"self":[{"href":"https:\/\/w3master.com.br\/modelo06\/wp-json\/wp\/v2\/product\/723"}],"collection":[{"href":"https:\/\/w3master.com.br\/modelo06\/wp-json\/wp\/v2\/product"}],"about":[{"href":"https:\/\/w3master.com.br\/modelo06\/wp-json\/wp\/v2\/types\/product"}],"replies":[{"embeddable":true,"href":"https:\/\/w3master.com.br\/modelo06\/wp-json\/wp\/v2\/comments?post=723"}],"wp:featuredmedia":[{"embeddable":true,"href":"https:\/\/w3master.com.br\/modelo06\/wp-json\/wp\/v2\/media\/726"}],"wp:attachment":[{"href":"https:\/\/w3master.com.br\/modelo06\/wp-json\/wp\/v2\/media?parent=723"}],"wp:term":[{"taxonomy":"product_cat","embeddable":true,"href":"https:\/\/w3master.com.br\/modelo06\/wp-json\/wp\/v2\/product_cat?post=723"},{"taxonomy":"product_tag","embeddable":true,"href":"https:\/\/w3master.com.br\/modelo06\/wp-json\/wp\/v2\/product_tag?post=723"}],"curies":[{"name":"wp","href":"https:\/\/api.w.org\/{rel}","templated":true}]}}