{"id":724,"date":"2024-10-07T19:40:57","date_gmt":"2024-10-07T22:40:57","guid":{"rendered":"https:\/\/w3master.com.br\/modelo06\/?post_type=product&#038;p=724"},"modified":"2024-10-07T19:49:33","modified_gmt":"2024-10-07T22:49:33","slug":"bolsa-sao-pet-paris-corino-preto","status":"publish","type":"product","link":"https:\/\/w3master.com.br\/modelo06\/product\/bolsa-sao-pet-paris-corino-preto\/","title":{"rendered":"Bolsa S\u00e3o Pet Paris Corino Preto"},"content":{"rendered":"<p class=\"tudodebicho-store-theme-6-x-infos-pdp-title\">Informa\u00e7\u00f5es importantes<\/p>\n<p>Bolsa De Transporte S\u00e3o Pet Paris Corino Preto N\u00ba2<\/p>\n<p>Combinando estilo com funcionalidade, a Bolsa S\u00e3o Pet Paris Corino \u00e9 ideal para transportar seu bichinho.<\/p>\n<p>A bolsa possui bolso lateral e cont\u00e9m guia de seguran\u00e7a para evitar a fuga do pet ao abrir a bolsa.<\/p>\n<p>Medidas Aproximadas<\/p>\n<ul>\n<li>Altura: 30cm<\/li>\n<li>Largura: 26cm<\/li>\n<li>Profundidade: 46cm<\/li>\n<\/ul>\n","protected":false},"excerpt":{"rendered":"<p>Informa\u00e7\u00f5es importantes Bolsa De Transporte S\u00e3o Pet Paris Corino Preto N\u00ba2 Combinando estilo com funcionalidade, a Bolsa S\u00e3o Pet Paris Corino \u00e9 ideal para transportar seu bichinho. A bolsa possui bolso lateral e cont\u00e9m guia de seguran\u00e7a para evitar a fuga do pet ao abrir a bolsa. Medidas Aproximadas Altura: 30cm Largura: 26cm Profundidade: 46cm<\/p>\n","protected":false},"featured_media":725,"comment_status":"open","ping_status":"closed","template":"","meta":[],"product_cat":[56,60],"product_tag":[],"class_list":{"0":"post-724","1":"product","2":"type-product","3":"status-publish","4":"has-post-thumbnail","6":"product_cat-cachorros","7":"product_cat-produtos-para-passeios","9":"first","10":"instock","11":"shipping-taxable","12":"purchasable","13":"product-type-simple"},"_links":{"self":[{"href":"https:\/\/w3master.com.br\/modelo06\/wp-json\/wp\/v2\/product\/724"}],"collection":[{"href":"https:\/\/w3master.com.br\/modelo06\/wp-json\/wp\/v2\/product"}],"about":[{"href":"https:\/\/w3master.com.br\/modelo06\/wp-json\/wp\/v2\/types\/product"}],"replies":[{"embeddable":true,"href":"https:\/\/w3master.com.br\/modelo06\/wp-json\/wp\/v2\/comments?post=724"}],"wp:featuredmedia":[{"embeddable":true,"href":"https:\/\/w3master.com.br\/modelo06\/wp-json\/wp\/v2\/media\/725"}],"wp:attachment":[{"href":"https:\/\/w3master.com.br\/modelo06\/wp-json\/wp\/v2\/media?parent=724"}],"wp:term":[{"taxonomy":"product_cat","embeddable":true,"href":"https:\/\/w3master.com.br\/modelo06\/wp-json\/wp\/v2\/product_cat?post=724"},{"taxonomy":"product_tag","embeddable":true,"href":"https:\/\/w3master.com.br\/modelo06\/wp-json\/wp\/v2\/product_tag?post=724"}],"curies":[{"name":"wp","href":"https:\/\/api.w.org\/{rel}","templated":true}]}}