{"id":728,"date":"2024-10-07T19:44:39","date_gmt":"2024-10-07T22:44:39","guid":{"rendered":"https:\/\/w3master.com.br\/modelo06\/?post_type=product&#038;p=728"},"modified":"2024-10-07T19:48:22","modified_gmt":"2024-10-07T22:48:22","slug":"guia-caes-sao-pet-redonda-com-mosquetao-giratorio-rosa-tamanho-1","status":"publish","type":"product","link":"https:\/\/w3master.com.br\/modelo06\/product\/guia-caes-sao-pet-redonda-com-mosquetao-giratorio-rosa-tamanho-1\/","title":{"rendered":"Guia C\u00e3es S\u00e3o Pet Redonda com Mosquet\u00e3o Girat\u00f3rio Rosa"},"content":{"rendered":"<p class=\"tudodebicho-store-theme-6-x-infos-pdp-title\">Informa\u00e7\u00f5es importantes<\/p>\n<p>Guia C\u00e3es S\u00e3o Pet Redonda C\/ Mosquet\u00e3o Girat\u00f3rio Rosa<\/p>\n<p>A Guia C\u00e3es S\u00e3o Pet Redonda C\/ Mosquital Girat\u00f3rio foi desenvolvida com um material de alta qualidade e resistente, que proporcionar\u00e1 ao seu pet um passeio seguro e tranquilo.<\/p>\n<p>A Guia \u00e9 ajust\u00e1vel de acordo com a necessidade do seu pet, oferecendo todo conforto necess\u00e1rio durante a sua utiliza\u00e7\u00e3o.<\/p>\n","protected":false},"excerpt":{"rendered":"<p>Informa\u00e7\u00f5es importantes Guia C\u00e3es S\u00e3o Pet Redonda C\/ Mosquet\u00e3o Girat\u00f3rio Rosa A Guia C\u00e3es S\u00e3o Pet Redonda C\/ Mosquital Girat\u00f3rio foi desenvolvida com um material de alta qualidade e resistente, que proporcionar\u00e1 ao seu pet um passeio seguro e tranquilo. A Guia \u00e9 ajust\u00e1vel de acordo com a necessidade do seu pet, oferecendo todo conforto [&hellip;]<\/p>\n","protected":false},"featured_media":729,"comment_status":"open","ping_status":"closed","template":"","meta":[],"product_cat":[56,60],"product_tag":[],"class_list":{"0":"post-728","1":"product","2":"type-product","3":"status-publish","4":"has-post-thumbnail","6":"product_cat-cachorros","7":"product_cat-produtos-para-passeios","9":"first","10":"instock","11":"shipping-taxable","12":"purchasable","13":"product-type-simple"},"_links":{"self":[{"href":"https:\/\/w3master.com.br\/modelo06\/wp-json\/wp\/v2\/product\/728"}],"collection":[{"href":"https:\/\/w3master.com.br\/modelo06\/wp-json\/wp\/v2\/product"}],"about":[{"href":"https:\/\/w3master.com.br\/modelo06\/wp-json\/wp\/v2\/types\/product"}],"replies":[{"embeddable":true,"href":"https:\/\/w3master.com.br\/modelo06\/wp-json\/wp\/v2\/comments?post=728"}],"wp:featuredmedia":[{"embeddable":true,"href":"https:\/\/w3master.com.br\/modelo06\/wp-json\/wp\/v2\/media\/729"}],"wp:attachment":[{"href":"https:\/\/w3master.com.br\/modelo06\/wp-json\/wp\/v2\/media?parent=728"}],"wp:term":[{"taxonomy":"product_cat","embeddable":true,"href":"https:\/\/w3master.com.br\/modelo06\/wp-json\/wp\/v2\/product_cat?post=728"},{"taxonomy":"product_tag","embeddable":true,"href":"https:\/\/w3master.com.br\/modelo06\/wp-json\/wp\/v2\/product_tag?post=728"}],"curies":[{"name":"wp","href":"https:\/\/api.w.org\/{rel}","templated":true}]}}