{"id":738,"date":"2024-10-07T20:10:55","date_gmt":"2024-10-07T23:10:55","guid":{"rendered":"https:\/\/w3master.com.br\/modelo06\/?post_type=product&#038;p=738"},"modified":"2024-10-07T20:16:51","modified_gmt":"2024-10-07T23:16:51","slug":"racao-golden-special-para-gatos-adultos-sabor-frango-e-carne-101kg","status":"publish","type":"product","link":"https:\/\/w3master.com.br\/modelo06\/product\/racao-golden-special-para-gatos-adultos-sabor-frango-e-carne-101kg\/","title":{"rendered":"Ra\u00e7\u00e3o Golden Special para Gatos Adultos Sabor Frango e Carne &#8211; 10,1KG"},"content":{"rendered":"<p class=\"section-title\">Descri\u00e7\u00e3o<\/p>\n<div class=\"spec-content\">\n<p>&#8211; Indicada para gatos castrados a partir dos 6 meses de idade;<br \/>\n&#8211; Auxilia no controle do ganho de peso, por meio de teores reduzidos de calorias e gorduras;<br \/>\n&#8211; Contribui para preven\u00e7\u00e3o dos principais tipos de c\u00e1lculos urin\u00e1rios utilizando o m\u00e9todo SSR;<br \/>\n&#8211; Possui uma sele\u00e7\u00e3o de ingredientes especiais que permitem a redu\u00e7\u00e3o do odor das fezes;<br \/>\n&#8211; Garante nutri\u00e7\u00e3o \u00f3tima e saud\u00e1vel, com sabor inigual\u00e1vel;<br \/>\n&#8211; Completa, balanceada e rica em nutrientes;<br \/>\n&#8211; Dispon\u00edvel em embalagens de 3 kg e 10,1 kg.<\/p>\n<\/div>\n","protected":false},"excerpt":{"rendered":"<p>Descri\u00e7\u00e3o &#8211; Indicada para gatos castrados a partir dos 6 meses de idade; &#8211; Auxilia no controle do ganho de peso, por meio de teores reduzidos de calorias e gorduras; &#8211; Contribui para preven\u00e7\u00e3o dos principais tipos de c\u00e1lculos urin\u00e1rios utilizando o m\u00e9todo SSR; &#8211; Possui uma sele\u00e7\u00e3o de ingredientes especiais que permitem a redu\u00e7\u00e3o [&hellip;]<\/p>\n","protected":false},"featured_media":739,"comment_status":"open","ping_status":"closed","template":"","meta":[],"product_cat":[62,63],"product_tag":[],"class_list":{"0":"post-738","1":"product","2":"type-product","3":"status-publish","4":"has-post-thumbnail","6":"product_cat-gatos","7":"product_cat-racoes","9":"first","10":"instock","11":"shipping-taxable","12":"purchasable","13":"product-type-simple"},"_links":{"self":[{"href":"https:\/\/w3master.com.br\/modelo06\/wp-json\/wp\/v2\/product\/738"}],"collection":[{"href":"https:\/\/w3master.com.br\/modelo06\/wp-json\/wp\/v2\/product"}],"about":[{"href":"https:\/\/w3master.com.br\/modelo06\/wp-json\/wp\/v2\/types\/product"}],"replies":[{"embeddable":true,"href":"https:\/\/w3master.com.br\/modelo06\/wp-json\/wp\/v2\/comments?post=738"}],"wp:featuredmedia":[{"embeddable":true,"href":"https:\/\/w3master.com.br\/modelo06\/wp-json\/wp\/v2\/media\/739"}],"wp:attachment":[{"href":"https:\/\/w3master.com.br\/modelo06\/wp-json\/wp\/v2\/media?parent=738"}],"wp:term":[{"taxonomy":"product_cat","embeddable":true,"href":"https:\/\/w3master.com.br\/modelo06\/wp-json\/wp\/v2\/product_cat?post=738"},{"taxonomy":"product_tag","embeddable":true,"href":"https:\/\/w3master.com.br\/modelo06\/wp-json\/wp\/v2\/product_tag?post=738"}],"curies":[{"name":"wp","href":"https:\/\/api.w.org\/{rel}","templated":true}]}}