{"id":741,"date":"2024-10-07T20:16:06","date_gmt":"2024-10-07T23:16:06","guid":{"rendered":"https:\/\/w3master.com.br\/modelo06\/?post_type=product&#038;p=741"},"modified":"2024-10-07T20:21:34","modified_gmt":"2024-10-07T23:21:34","slug":"mochila-chalesco-vision-azul-para-caes-e-gatos","status":"publish","type":"product","link":"https:\/\/w3master.com.br\/modelo06\/product\/mochila-chalesco-vision-azul-para-caes-e-gatos\/","title":{"rendered":"Mochila Chalesco Vision Azul para C\u00e3es e Gatos"},"content":{"rendered":"<p class=\"section-title\">Descri\u00e7\u00e3o<\/p>\n<div class=\"spec-content\">\n<p>&#8211; Indicada para c\u00e3es e gatos;<br \/>\n&#8211; Perfeita para transportar o seu pet com seguran\u00e7a e conforto;<br \/>\n&#8211; Possui entradas de ar e frontal transparente, permitindo que o tutor veja seu pet sem necessidade de abrir a bolsa;<br \/>\n&#8211; Dispon\u00edvel em embalagem com 1 unidade.<\/p>\n<\/div>\n","protected":false},"excerpt":{"rendered":"<p>Descri\u00e7\u00e3o &#8211; Indicada para c\u00e3es e gatos; &#8211; Perfeita para transportar o seu pet com seguran\u00e7a e conforto; &#8211; Possui entradas de ar e frontal transparente, permitindo que o tutor veja seu pet sem necessidade de abrir a bolsa; &#8211; Dispon\u00edvel em embalagem com 1 unidade.<\/p>\n","protected":false},"featured_media":745,"comment_status":"open","ping_status":"closed","template":"","meta":[],"product_cat":[62,65],"product_tag":[],"class_list":{"0":"post-741","1":"product","2":"type-product","3":"status-publish","4":"has-post-thumbnail","6":"product_cat-gatos","7":"product_cat-produtos-para-passeios-gatos","9":"first","10":"instock","11":"shipping-taxable","12":"purchasable","13":"product-type-simple"},"_links":{"self":[{"href":"https:\/\/w3master.com.br\/modelo06\/wp-json\/wp\/v2\/product\/741"}],"collection":[{"href":"https:\/\/w3master.com.br\/modelo06\/wp-json\/wp\/v2\/product"}],"about":[{"href":"https:\/\/w3master.com.br\/modelo06\/wp-json\/wp\/v2\/types\/product"}],"replies":[{"embeddable":true,"href":"https:\/\/w3master.com.br\/modelo06\/wp-json\/wp\/v2\/comments?post=741"}],"wp:featuredmedia":[{"embeddable":true,"href":"https:\/\/w3master.com.br\/modelo06\/wp-json\/wp\/v2\/media\/745"}],"wp:attachment":[{"href":"https:\/\/w3master.com.br\/modelo06\/wp-json\/wp\/v2\/media?parent=741"}],"wp:term":[{"taxonomy":"product_cat","embeddable":true,"href":"https:\/\/w3master.com.br\/modelo06\/wp-json\/wp\/v2\/product_cat?post=741"},{"taxonomy":"product_tag","embeddable":true,"href":"https:\/\/w3master.com.br\/modelo06\/wp-json\/wp\/v2\/product_tag?post=741"}],"curies":[{"name":"wp","href":"https:\/\/api.w.org\/{rel}","templated":true}]}}