{"id":747,"date":"2024-10-07T20:24:13","date_gmt":"2024-10-07T23:24:13","guid":{"rendered":"https:\/\/w3master.com.br\/modelo06\/?post_type=product&#038;p=747"},"modified":"2024-10-07T20:27:13","modified_gmt":"2024-10-07T23:27:13","slug":"brinquedo-gatos-chalesco-cat-love","status":"publish","type":"product","link":"https:\/\/w3master.com.br\/modelo06\/product\/brinquedo-gatos-chalesco-cat-love\/","title":{"rendered":"Brinquedo Gatos Chalesco Cat Love"},"content":{"rendered":"<p>Brinquedo Gatos American Pets Cat Love<\/p>\n<p>&#8211; Indicado para gatos;<br \/>\n&#8211; Instinto de ca\u00e7a;<br \/>\n&#8211; Morder, arranhar e perseguir.<\/p>\n<p>O Brinquedo para Gatos American Pets Cat Feliz \u00e9 um acess\u00f3rio projetado para proporcionar momentos de alegria e entretenimento para o seu felino de estima\u00e7\u00e3o. Fabricado pela respeitada marca American Pets, este brinquedo \u00e9 uma maneira encantadora de estimular o instinto de ca\u00e7a do seu gato e oferecer horas de divers\u00e3o ativa e saud\u00e1vel.<\/p>\n","protected":false},"excerpt":{"rendered":"<p>Brinquedo Gatos American Pets Cat Love &#8211; Indicado para gatos; &#8211; Instinto de ca\u00e7a; &#8211; Morder, arranhar e perseguir. O Brinquedo para Gatos American Pets Cat Feliz \u00e9 um acess\u00f3rio projetado para proporcionar momentos de alegria e entretenimento para o seu felino de estima\u00e7\u00e3o. Fabricado pela respeitada marca American Pets, este brinquedo \u00e9 uma maneira [&hellip;]<\/p>\n","protected":false},"featured_media":750,"comment_status":"open","ping_status":"closed","template":"","meta":[],"product_cat":[66,62],"product_tag":[],"class_list":{"0":"post-747","1":"product","2":"type-product","3":"status-publish","4":"has-post-thumbnail","6":"product_cat-brinquedos-gatos","7":"product_cat-gatos","9":"first","10":"instock","11":"shipping-taxable","12":"purchasable","13":"product-type-simple"},"_links":{"self":[{"href":"https:\/\/w3master.com.br\/modelo06\/wp-json\/wp\/v2\/product\/747"}],"collection":[{"href":"https:\/\/w3master.com.br\/modelo06\/wp-json\/wp\/v2\/product"}],"about":[{"href":"https:\/\/w3master.com.br\/modelo06\/wp-json\/wp\/v2\/types\/product"}],"replies":[{"embeddable":true,"href":"https:\/\/w3master.com.br\/modelo06\/wp-json\/wp\/v2\/comments?post=747"}],"wp:featuredmedia":[{"embeddable":true,"href":"https:\/\/w3master.com.br\/modelo06\/wp-json\/wp\/v2\/media\/750"}],"wp:attachment":[{"href":"https:\/\/w3master.com.br\/modelo06\/wp-json\/wp\/v2\/media?parent=747"}],"wp:term":[{"taxonomy":"product_cat","embeddable":true,"href":"https:\/\/w3master.com.br\/modelo06\/wp-json\/wp\/v2\/product_cat?post=747"},{"taxonomy":"product_tag","embeddable":true,"href":"https:\/\/w3master.com.br\/modelo06\/wp-json\/wp\/v2\/product_tag?post=747"}],"curies":[{"name":"wp","href":"https:\/\/api.w.org\/{rel}","templated":true}]}}