{"id":751,"date":"2024-10-07T20:29:29","date_gmt":"2024-10-07T23:29:29","guid":{"rendered":"https:\/\/w3master.com.br\/modelo06\/?post_type=product&#038;p=751"},"modified":"2024-10-07T20:32:42","modified_gmt":"2024-10-07T23:32:42","slug":"comedouro-ajustave-chalesco-chalesco-284-litros","status":"publish","type":"product","link":"https:\/\/w3master.com.br\/modelo06\/product\/comedouro-ajustave-chalesco-chalesco-284-litros\/","title":{"rendered":"Comedouro Ajust\u00e1ve Chalesco Chalesco 2,84 Litros"},"content":{"rendered":"<p class=\"tudodebicho-store-theme-6-x-infos-pdp-title\">Informa\u00e7\u00f5es importantes<\/p>\n<div class=\"tudodebicho-store-theme-6-x-infos-pdp-content\">\n<ul>\n<li>Tamanho ajust\u00e1vel<\/li>\n<li>Facilita a alimenta\u00e7\u00e3o do pet<\/li>\n<li>Possui altura regul\u00e1vel<\/li>\n<li>Promove uma postura correta durante a alimenta\u00e7\u00e3o<\/li>\n<li>Evita o desconforto e problemas digestivos<\/li>\n<li>Base antiderrapante<\/li>\n<li>F\u00e1cil de limpar<\/li>\n<li>Material resistente e dur\u00e1vel<\/li>\n<\/ul>\n<\/div>\n","protected":false},"excerpt":{"rendered":"<p>Informa\u00e7\u00f5es importantes Tamanho ajust\u00e1vel Facilita a alimenta\u00e7\u00e3o do pet Possui altura regul\u00e1vel Promove uma postura correta durante a alimenta\u00e7\u00e3o Evita o desconforto e problemas digestivos Base antiderrapante F\u00e1cil de limpar Material resistente e dur\u00e1vel<\/p>\n","protected":false},"featured_media":754,"comment_status":"open","ping_status":"closed","template":"","meta":[],"product_cat":[64,62],"product_tag":[],"class_list":{"0":"post-751","1":"product","2":"type-product","3":"status-publish","4":"has-post-thumbnail","6":"product_cat-acessorios-para-alimentacao-gatos","7":"product_cat-gatos","9":"first","10":"instock","11":"shipping-taxable","12":"purchasable","13":"product-type-simple"},"_links":{"self":[{"href":"https:\/\/w3master.com.br\/modelo06\/wp-json\/wp\/v2\/product\/751"}],"collection":[{"href":"https:\/\/w3master.com.br\/modelo06\/wp-json\/wp\/v2\/product"}],"about":[{"href":"https:\/\/w3master.com.br\/modelo06\/wp-json\/wp\/v2\/types\/product"}],"replies":[{"embeddable":true,"href":"https:\/\/w3master.com.br\/modelo06\/wp-json\/wp\/v2\/comments?post=751"}],"wp:featuredmedia":[{"embeddable":true,"href":"https:\/\/w3master.com.br\/modelo06\/wp-json\/wp\/v2\/media\/754"}],"wp:attachment":[{"href":"https:\/\/w3master.com.br\/modelo06\/wp-json\/wp\/v2\/media?parent=751"}],"wp:term":[{"taxonomy":"product_cat","embeddable":true,"href":"https:\/\/w3master.com.br\/modelo06\/wp-json\/wp\/v2\/product_cat?post=751"},{"taxonomy":"product_tag","embeddable":true,"href":"https:\/\/w3master.com.br\/modelo06\/wp-json\/wp\/v2\/product_tag?post=751"}],"curies":[{"name":"wp","href":"https:\/\/api.w.org\/{rel}","templated":true}]}}