{"id":752,"date":"2024-10-07T20:29:30","date_gmt":"2024-10-07T23:29:30","guid":{"rendered":"https:\/\/w3master.com.br\/modelo06\/?post_type=product&#038;p=752"},"modified":"2024-10-07T20:31:45","modified_gmt":"2024-10-07T23:31:45","slug":"fonte-bebedouro-mascotito-bivolt-branca-600ml","status":"publish","type":"product","link":"https:\/\/w3master.com.br\/modelo06\/product\/fonte-bebedouro-mascotito-bivolt-branca-600ml\/","title":{"rendered":"Fonte Bebedouro Mascotito Bivolt Branca &#8211; 600ML"},"content":{"rendered":"<p class=\"tudodebicho-store-theme-6-x-infos-pdp-title\">Informa\u00e7\u00f5es importantes<\/p>\n<div class=\"tudodebicho-store-theme-6-x-infos-pdp-content\">\n<ul>\n<li>Indicado para c\u00e3es e gatos;<\/li>\n<li>Indicado para veterin\u00e1rios;<\/li>\n<li>Com torneira para queda d&#8217;\u00e1gua;<\/li>\n<li>Bomba submersa com ajuste;<\/li>\n<li>F\u00e1cil de montar e limpar;<\/li>\n<li>Capacidade 600mL.<\/li>\n<\/ul>\n<\/div>\n","protected":false},"excerpt":{"rendered":"<p>Informa\u00e7\u00f5es importantes Indicado para c\u00e3es e gatos; Indicado para veterin\u00e1rios; Com torneira para queda d&#8217;\u00e1gua; Bomba submersa com ajuste; F\u00e1cil de montar e limpar; Capacidade 600mL.<\/p>\n","protected":false},"featured_media":753,"comment_status":"open","ping_status":"closed","template":"","meta":[],"product_cat":[64,62],"product_tag":[],"class_list":{"0":"post-752","1":"product","2":"type-product","3":"status-publish","4":"has-post-thumbnail","6":"product_cat-acessorios-para-alimentacao-gatos","7":"product_cat-gatos","9":"first","10":"instock","11":"shipping-taxable","12":"purchasable","13":"product-type-simple"},"_links":{"self":[{"href":"https:\/\/w3master.com.br\/modelo06\/wp-json\/wp\/v2\/product\/752"}],"collection":[{"href":"https:\/\/w3master.com.br\/modelo06\/wp-json\/wp\/v2\/product"}],"about":[{"href":"https:\/\/w3master.com.br\/modelo06\/wp-json\/wp\/v2\/types\/product"}],"replies":[{"embeddable":true,"href":"https:\/\/w3master.com.br\/modelo06\/wp-json\/wp\/v2\/comments?post=752"}],"wp:featuredmedia":[{"embeddable":true,"href":"https:\/\/w3master.com.br\/modelo06\/wp-json\/wp\/v2\/media\/753"}],"wp:attachment":[{"href":"https:\/\/w3master.com.br\/modelo06\/wp-json\/wp\/v2\/media?parent=752"}],"wp:term":[{"taxonomy":"product_cat","embeddable":true,"href":"https:\/\/w3master.com.br\/modelo06\/wp-json\/wp\/v2\/product_cat?post=752"},{"taxonomy":"product_tag","embeddable":true,"href":"https:\/\/w3master.com.br\/modelo06\/wp-json\/wp\/v2\/product_tag?post=752"}],"curies":[{"name":"wp","href":"https:\/\/api.w.org\/{rel}","templated":true}]}}