{"id":760,"date":"2024-10-07T20:51:19","date_gmt":"2024-10-07T23:51:19","guid":{"rendered":"https:\/\/w3master.com.br\/modelo06\/?post_type=product&#038;p=760"},"modified":"2024-10-07T20:55:26","modified_gmt":"2024-10-07T23:55:26","slug":"biscoito-biscottini-pet-para-papagaios-aves-da-mata-80g","status":"publish","type":"product","link":"https:\/\/w3master.com.br\/modelo06\/product\/biscoito-biscottini-pet-para-papagaios-aves-da-mata-80g\/","title":{"rendered":"Biscoito Biscottini Pet Para Papagaios Aves Da Mata &#8211; 80g"},"content":{"rendered":"<p>Biscoito Biscottini Pet Para Papagaios Aves da Mata &#8211; 80g<\/p>\n<p>\u00c9 um biscoito saboroso e crocante que as aves apreciam muito, podem ser oferecido diariamente como petisco ou recompensa.<\/p>\n<p>O\u00a0<strong>Biscottini Pet<\/strong>\u00a0tem v\u00e1rios formatos (ma\u00e7a, morango, caju, milho, uva, cenoura, p\u00eassego e folhinha) no tamanho ideal para que voc\u00ea possa adestrar, interagir, distrair e se divertir com a seu pet.<\/p>\n<p>Feito com ingredientes de alta qualidade, como trigo, girassol, aveia, pain\u00e7o, alpiste, linha\u00e7a, mel, vitaminas e prote\u00ednas que facilitam a aceita\u00e7\u00e3o das aves.<\/p>\n","protected":false},"excerpt":{"rendered":"<p>Biscoito Biscottini Pet Para Papagaios Aves da Mata &#8211; 80g \u00c9 um biscoito saboroso e crocante que as aves apreciam muito, podem ser oferecido diariamente como petisco ou recompensa. O\u00a0Biscottini Pet\u00a0tem v\u00e1rios formatos (ma\u00e7a, morango, caju, milho, uva, cenoura, p\u00eassego e folhinha) no tamanho ideal para que voc\u00ea possa adestrar, interagir, distrair e se divertir [&hellip;]<\/p>\n","protected":false},"featured_media":763,"comment_status":"open","ping_status":"closed","template":"","meta":[],"product_cat":[67,71],"product_tag":[],"class_list":{"0":"post-760","1":"product","2":"type-product","3":"status-publish","4":"has-post-thumbnail","6":"product_cat-passaros","7":"product_cat-racoes-passaros","9":"first","10":"instock","11":"shipping-taxable","12":"purchasable","13":"product-type-simple"},"_links":{"self":[{"href":"https:\/\/w3master.com.br\/modelo06\/wp-json\/wp\/v2\/product\/760"}],"collection":[{"href":"https:\/\/w3master.com.br\/modelo06\/wp-json\/wp\/v2\/product"}],"about":[{"href":"https:\/\/w3master.com.br\/modelo06\/wp-json\/wp\/v2\/types\/product"}],"replies":[{"embeddable":true,"href":"https:\/\/w3master.com.br\/modelo06\/wp-json\/wp\/v2\/comments?post=760"}],"wp:featuredmedia":[{"embeddable":true,"href":"https:\/\/w3master.com.br\/modelo06\/wp-json\/wp\/v2\/media\/763"}],"wp:attachment":[{"href":"https:\/\/w3master.com.br\/modelo06\/wp-json\/wp\/v2\/media?parent=760"}],"wp:term":[{"taxonomy":"product_cat","embeddable":true,"href":"https:\/\/w3master.com.br\/modelo06\/wp-json\/wp\/v2\/product_cat?post=760"},{"taxonomy":"product_tag","embeddable":true,"href":"https:\/\/w3master.com.br\/modelo06\/wp-json\/wp\/v2\/product_tag?post=760"}],"curies":[{"name":"wp","href":"https:\/\/api.w.org\/{rel}","templated":true}]}}