{"id":761,"date":"2024-10-07T20:51:20","date_gmt":"2024-10-07T23:51:20","guid":{"rendered":"https:\/\/w3master.com.br\/modelo06\/?post_type=product&#038;p=761"},"modified":"2024-10-07T20:52:48","modified_gmt":"2024-10-07T23:52:48","slug":"racao-para-calopsita-natural-nutropica-200g","status":"publish","type":"product","link":"https:\/\/w3master.com.br\/modelo06\/product\/racao-para-calopsita-natural-nutropica-200g\/","title":{"rendered":"Ra\u00e7\u00e3o Para Calopsita Natural Nutropica &#8211; 200g"},"content":{"rendered":"<p>Ra\u00e7\u00e3o Para Calopsita Natural Nutr\u00f3pica<\/p>\n<ul>\n<li>Indicado para Calopsita;<\/li>\n<li>100% Natural;<\/li>\n<li>Mais Sa\u00fade e Longevidade;<\/li>\n<li>Alimento Completo;<\/li>\n<li>Embalagem de 200g.<\/li>\n<\/ul>\n<p>NuTr\u00f3pica Calopsita Natural \u00e9 um alimento extrusado completo, cientificamente formulado e especialmente desenvolvido para calopsitas. Elaborado a partir das mais recentes pesquisas em nutri\u00e7\u00e3o de calopsitas.<\/p>\n","protected":false},"excerpt":{"rendered":"<p>Ra\u00e7\u00e3o Para Calopsita Natural Nutr\u00f3pica Indicado para Calopsita; 100% Natural; Mais Sa\u00fade e Longevidade; Alimento Completo; Embalagem de 200g. NuTr\u00f3pica Calopsita Natural \u00e9 um alimento extrusado completo, cientificamente formulado e especialmente desenvolvido para calopsitas. Elaborado a partir das mais recentes pesquisas em nutri\u00e7\u00e3o de calopsitas.<\/p>\n","protected":false},"featured_media":762,"comment_status":"open","ping_status":"closed","template":"","meta":[],"product_cat":[67,71],"product_tag":[],"class_list":{"0":"post-761","1":"product","2":"type-product","3":"status-publish","4":"has-post-thumbnail","6":"product_cat-passaros","7":"product_cat-racoes-passaros","9":"first","10":"instock","11":"shipping-taxable","12":"purchasable","13":"product-type-simple"},"_links":{"self":[{"href":"https:\/\/w3master.com.br\/modelo06\/wp-json\/wp\/v2\/product\/761"}],"collection":[{"href":"https:\/\/w3master.com.br\/modelo06\/wp-json\/wp\/v2\/product"}],"about":[{"href":"https:\/\/w3master.com.br\/modelo06\/wp-json\/wp\/v2\/types\/product"}],"replies":[{"embeddable":true,"href":"https:\/\/w3master.com.br\/modelo06\/wp-json\/wp\/v2\/comments?post=761"}],"wp:featuredmedia":[{"embeddable":true,"href":"https:\/\/w3master.com.br\/modelo06\/wp-json\/wp\/v2\/media\/762"}],"wp:attachment":[{"href":"https:\/\/w3master.com.br\/modelo06\/wp-json\/wp\/v2\/media?parent=761"}],"wp:term":[{"taxonomy":"product_cat","embeddable":true,"href":"https:\/\/w3master.com.br\/modelo06\/wp-json\/wp\/v2\/product_cat?post=761"},{"taxonomy":"product_tag","embeddable":true,"href":"https:\/\/w3master.com.br\/modelo06\/wp-json\/wp\/v2\/product_tag?post=761"}],"curies":[{"name":"wp","href":"https:\/\/api.w.org\/{rel}","templated":true}]}}