{"id":764,"date":"2024-10-07T20:55:51","date_gmt":"2024-10-07T23:55:51","guid":{"rendered":"https:\/\/w3master.com.br\/modelo06\/?post_type=product&#038;p=764"},"modified":"2024-10-07T20:59:05","modified_gmt":"2024-10-07T23:59:05","slug":"gaiola-para-calopsita-teto-aramado-jel-plast-black-e-verde","status":"publish","type":"product","link":"https:\/\/w3master.com.br\/modelo06\/product\/gaiola-para-calopsita-teto-aramado-jel-plast-black-e-verde\/","title":{"rendered":"Gaiola Para Calopsita Teto Aramado Jel Plast Black e Verde"},"content":{"rendered":"<p>Gaiola Para Calopsita Teto Aramado Jel Plast Black\/Verde<\/p>\n<p>Descri\u00e7\u00e3o<\/p>\n<p>A Gaiola Para Calopsita Teto Aramado Jel Plast foi feita especialmente pensando no seu amiguinho, \u00e9 confort\u00e1vel e possui alguns adere\u00e7os para que o seu bichinho tenha uma vida mais tranquila e de qualidade.<\/p>\n<p>Itens Inclusos<\/p>\n<ul>\n<li>3 poleiros de madeira grandes<\/li>\n<li>2 comedouros pl\u00e1sticos<\/li>\n<li>1 bebedouro<\/li>\n<li>1 bandeja pl\u00e1stica higi\u00eanica grande<\/li>\n<li>1 grade aramada de separa\u00e7\u00e3o<\/li>\n<li>3 presilhas pl\u00e1sticas<\/li>\n<li>1 teto aramado<\/li>\n<\/ul>\n","protected":false},"excerpt":{"rendered":"<p>Gaiola Para Calopsita Teto Aramado Jel Plast Black\/Verde Descri\u00e7\u00e3o A Gaiola Para Calopsita Teto Aramado Jel Plast foi feita especialmente pensando no seu amiguinho, \u00e9 confort\u00e1vel e possui alguns adere\u00e7os para que o seu bichinho tenha uma vida mais tranquila e de qualidade. Itens Inclusos 3 poleiros de madeira grandes 2 comedouros pl\u00e1sticos 1 bebedouro [&hellip;]<\/p>\n","protected":false},"featured_media":768,"comment_status":"open","ping_status":"closed","template":"","meta":[],"product_cat":[68,67],"product_tag":[],"class_list":{"0":"post-764","1":"product","2":"type-product","3":"status-publish","4":"has-post-thumbnail","6":"product_cat-acessorios","7":"product_cat-passaros","9":"first","10":"instock","11":"sale","12":"shipping-taxable","13":"purchasable","14":"product-type-simple"},"_links":{"self":[{"href":"https:\/\/w3master.com.br\/modelo06\/wp-json\/wp\/v2\/product\/764"}],"collection":[{"href":"https:\/\/w3master.com.br\/modelo06\/wp-json\/wp\/v2\/product"}],"about":[{"href":"https:\/\/w3master.com.br\/modelo06\/wp-json\/wp\/v2\/types\/product"}],"replies":[{"embeddable":true,"href":"https:\/\/w3master.com.br\/modelo06\/wp-json\/wp\/v2\/comments?post=764"}],"wp:featuredmedia":[{"embeddable":true,"href":"https:\/\/w3master.com.br\/modelo06\/wp-json\/wp\/v2\/media\/768"}],"wp:attachment":[{"href":"https:\/\/w3master.com.br\/modelo06\/wp-json\/wp\/v2\/media?parent=764"}],"wp:term":[{"taxonomy":"product_cat","embeddable":true,"href":"https:\/\/w3master.com.br\/modelo06\/wp-json\/wp\/v2\/product_cat?post=764"},{"taxonomy":"product_tag","embeddable":true,"href":"https:\/\/w3master.com.br\/modelo06\/wp-json\/wp\/v2\/product_tag?post=764"}],"curies":[{"name":"wp","href":"https:\/\/api.w.org\/{rel}","templated":true}]}}