{"id":765,"date":"2024-10-07T20:55:51","date_gmt":"2024-10-07T23:55:51","guid":{"rendered":"https:\/\/w3master.com.br\/modelo06\/?post_type=product&#038;p=765"},"modified":"2024-10-07T20:57:21","modified_gmt":"2024-10-07T23:57:21","slug":"bolsa-transporte-calopsita-rosa-jel-plast","status":"publish","type":"product","link":"https:\/\/w3master.com.br\/modelo06\/product\/bolsa-transporte-calopsita-rosa-jel-plast\/","title":{"rendered":"Bolsa Transporte Calopsita Rosa Jel Plast"},"content":{"rendered":"<p>Bolsa De Transporte Calopsita Rosa Jel Plast<\/p>\n<p><strong>A Bolsa De Transporte Calopsita Jel Plast<\/strong>\u00a0\u00e9 um jeito f\u00e1cil e pratico de voc\u00ea levar o seu amiguinho com voc\u00ea para todos os lugares.<\/p>\n<p>Produzida para deixar um lugar arejado e confort\u00e1vel para o seu pet a Bolsa conta com al\u00e7a lateral, um poleiro de madeira proporcionando divers\u00e3o e entretenimento para o animal. Al\u00e9m disso conta com uma bandeja que facilita a higieniza\u00e7\u00e3o do ambiente.<\/p>\n<p>A bolsa pode ser usada por pequenos p\u00e1ssaros e roedores. Ideal para viagens, idas ao veterin\u00e1rio, at\u00e9 mesmo para deixar o pet enquanto a gaiola est\u00e1 sendo limpa.<\/p>\n","protected":false},"excerpt":{"rendered":"<p>Bolsa De Transporte Calopsita Rosa Jel Plast A Bolsa De Transporte Calopsita Jel Plast\u00a0\u00e9 um jeito f\u00e1cil e pratico de voc\u00ea levar o seu amiguinho com voc\u00ea para todos os lugares. Produzida para deixar um lugar arejado e confort\u00e1vel para o seu pet a Bolsa conta com al\u00e7a lateral, um poleiro de madeira proporcionando divers\u00e3o [&hellip;]<\/p>\n","protected":false},"featured_media":767,"comment_status":"open","ping_status":"closed","template":"","meta":[],"product_cat":[68,67],"product_tag":[],"class_list":{"0":"post-765","1":"product","2":"type-product","3":"status-publish","4":"has-post-thumbnail","6":"product_cat-acessorios","7":"product_cat-passaros","9":"first","10":"instock","11":"shipping-taxable","12":"purchasable","13":"product-type-simple"},"_links":{"self":[{"href":"https:\/\/w3master.com.br\/modelo06\/wp-json\/wp\/v2\/product\/765"}],"collection":[{"href":"https:\/\/w3master.com.br\/modelo06\/wp-json\/wp\/v2\/product"}],"about":[{"href":"https:\/\/w3master.com.br\/modelo06\/wp-json\/wp\/v2\/types\/product"}],"replies":[{"embeddable":true,"href":"https:\/\/w3master.com.br\/modelo06\/wp-json\/wp\/v2\/comments?post=765"}],"wp:featuredmedia":[{"embeddable":true,"href":"https:\/\/w3master.com.br\/modelo06\/wp-json\/wp\/v2\/media\/767"}],"wp:attachment":[{"href":"https:\/\/w3master.com.br\/modelo06\/wp-json\/wp\/v2\/media?parent=765"}],"wp:term":[{"taxonomy":"product_cat","embeddable":true,"href":"https:\/\/w3master.com.br\/modelo06\/wp-json\/wp\/v2\/product_cat?post=765"},{"taxonomy":"product_tag","embeddable":true,"href":"https:\/\/w3master.com.br\/modelo06\/wp-json\/wp\/v2\/product_tag?post=765"}],"curies":[{"name":"wp","href":"https:\/\/api.w.org\/{rel}","templated":true}]}}