{"id":776,"date":"2024-10-07T21:07:22","date_gmt":"2024-10-08T00:07:22","guid":{"rendered":"https:\/\/w3master.com.br\/modelo06\/?post_type=product&#038;p=776"},"modified":"2024-10-07T21:09:46","modified_gmt":"2024-10-08T00:09:46","slug":"brinquedo-passaros-the-pets-portal-interativo","status":"publish","type":"product","link":"https:\/\/w3master.com.br\/modelo06\/product\/brinquedo-passaros-the-pets-portal-interativo\/","title":{"rendered":"Brinquedo P\u00e1ssaros The Pets Portal Interativo"},"content":{"rendered":"<p><strong>Brinquedo Para P\u00e1ssaros Portal Interativo The Pets Brasil<\/strong><\/p>\n<p>O Brinquedo Para P\u00e1ssaros Portal Interativo The Pets Brasil fascina e estimula a atividade f\u00edsica e mental de sua ave.<\/p>\n<p>Realiza movimentos aleat\u00f3rios promovendo o bem estar e tranquilidade do pet. Ajuda a amortecer o pouso, como na natureza de forma divertida e cheia de estilo.<\/p>\n","protected":false},"excerpt":{"rendered":"<p>Brinquedo Para P\u00e1ssaros Portal Interativo The Pets Brasil O Brinquedo Para P\u00e1ssaros Portal Interativo The Pets Brasil fascina e estimula a atividade f\u00edsica e mental de sua ave. Realiza movimentos aleat\u00f3rios promovendo o bem estar e tranquilidade do pet. Ajuda a amortecer o pouso, como na natureza de forma divertida e cheia de estilo.<\/p>\n","protected":false},"featured_media":779,"comment_status":"open","ping_status":"closed","template":"","meta":[],"product_cat":[70,67],"product_tag":[],"class_list":{"0":"post-776","1":"product","2":"type-product","3":"status-publish","4":"has-post-thumbnail","6":"product_cat-brinquedos-passaros","7":"product_cat-passaros","9":"first","10":"instock","11":"shipping-taxable","12":"purchasable","13":"product-type-simple"},"_links":{"self":[{"href":"https:\/\/w3master.com.br\/modelo06\/wp-json\/wp\/v2\/product\/776"}],"collection":[{"href":"https:\/\/w3master.com.br\/modelo06\/wp-json\/wp\/v2\/product"}],"about":[{"href":"https:\/\/w3master.com.br\/modelo06\/wp-json\/wp\/v2\/types\/product"}],"replies":[{"embeddable":true,"href":"https:\/\/w3master.com.br\/modelo06\/wp-json\/wp\/v2\/comments?post=776"}],"wp:featuredmedia":[{"embeddable":true,"href":"https:\/\/w3master.com.br\/modelo06\/wp-json\/wp\/v2\/media\/779"}],"wp:attachment":[{"href":"https:\/\/w3master.com.br\/modelo06\/wp-json\/wp\/v2\/media?parent=776"}],"wp:term":[{"taxonomy":"product_cat","embeddable":true,"href":"https:\/\/w3master.com.br\/modelo06\/wp-json\/wp\/v2\/product_cat?post=776"},{"taxonomy":"product_tag","embeddable":true,"href":"https:\/\/w3master.com.br\/modelo06\/wp-json\/wp\/v2\/product_tag?post=776"}],"curies":[{"name":"wp","href":"https:\/\/api.w.org\/{rel}","templated":true}]}}