{"id":798,"date":"2024-10-08T15:39:59","date_gmt":"2024-10-08T18:39:59","guid":{"rendered":"https:\/\/w3master.com.br\/modelo06\/?post_type=product&#038;p=798"},"modified":"2024-10-08T15:40:46","modified_gmt":"2024-10-08T18:40:46","slug":"racao-para-peixes-tetramin-flakes-200g","status":"publish","type":"product","link":"https:\/\/w3master.com.br\/modelo06\/product\/racao-para-peixes-tetramin-flakes-200g\/","title":{"rendered":"Ra\u00e7\u00e3o para Peixes Tetramin Flakes 200g"},"content":{"rendered":"<p>A\u00a0Ra\u00e7\u00e3o Para Peixes TetraMin Flakes em Flocos \u00e9 um alimento completo para peixes tropicais que n\u00e3o cont\u00e9m corantes artificiais e sim ingredientes de alta qualidade, fazendo da TetraMin uma dieta balanceada que promove a melhora na cor de seus peixes.<\/p>\n<p>O produto foi elaborado com objetivo de promover o desenvolvimento das cores naturais dos peixes tropicais.<\/p>\n<p>Todo alimento para peixes deve ter uma escolha cuidadosa, respeitando sua esp\u00e9cie para oferecer uma alimenta\u00e7\u00e3o correta e com nutrientes necess\u00e1rios.<\/p>\n","protected":false},"excerpt":{"rendered":"<p>A\u00a0Ra\u00e7\u00e3o Para Peixes TetraMin Flakes em Flocos \u00e9 um alimento completo para peixes tropicais que n\u00e3o cont\u00e9m corantes artificiais e sim ingredientes de alta qualidade, fazendo da TetraMin uma dieta balanceada que promove a melhora na cor de seus peixes. O produto foi elaborado com objetivo de promover o desenvolvimento das cores naturais dos peixes [&hellip;]<\/p>\n","protected":false},"featured_media":799,"comment_status":"open","ping_status":"closed","template":"","meta":[],"product_cat":[72,73],"product_tag":[],"class_list":{"0":"post-798","1":"product","2":"type-product","3":"status-publish","4":"has-post-thumbnail","6":"product_cat-peixes","7":"product_cat-racoes-peixes","9":"first","10":"instock","11":"shipping-taxable","12":"purchasable","13":"product-type-simple"},"_links":{"self":[{"href":"https:\/\/w3master.com.br\/modelo06\/wp-json\/wp\/v2\/product\/798"}],"collection":[{"href":"https:\/\/w3master.com.br\/modelo06\/wp-json\/wp\/v2\/product"}],"about":[{"href":"https:\/\/w3master.com.br\/modelo06\/wp-json\/wp\/v2\/types\/product"}],"replies":[{"embeddable":true,"href":"https:\/\/w3master.com.br\/modelo06\/wp-json\/wp\/v2\/comments?post=798"}],"wp:featuredmedia":[{"embeddable":true,"href":"https:\/\/w3master.com.br\/modelo06\/wp-json\/wp\/v2\/media\/799"}],"wp:attachment":[{"href":"https:\/\/w3master.com.br\/modelo06\/wp-json\/wp\/v2\/media?parent=798"}],"wp:term":[{"taxonomy":"product_cat","embeddable":true,"href":"https:\/\/w3master.com.br\/modelo06\/wp-json\/wp\/v2\/product_cat?post=798"},{"taxonomy":"product_tag","embeddable":true,"href":"https:\/\/w3master.com.br\/modelo06\/wp-json\/wp\/v2\/product_tag?post=798"}],"curies":[{"name":"wp","href":"https:\/\/api.w.org\/{rel}","templated":true}]}}