{"id":802,"date":"2024-10-08T15:44:07","date_gmt":"2024-10-08T18:44:07","guid":{"rendered":"https:\/\/w3master.com.br\/modelo06\/?post_type=product&#038;p=802"},"modified":"2024-10-08T15:45:46","modified_gmt":"2024-10-08T18:45:46","slug":"aquario-curvo-boyu-ms320-20l-preto-110v","status":"publish","type":"product","link":"https:\/\/w3master.com.br\/modelo06\/product\/aquario-curvo-boyu-ms320-20l-preto-110v\/","title":{"rendered":"Aquario Curvo Boyu Ms320 20L Preto 110V"},"content":{"rendered":"<p>Este Aqu\u00e1rio BOYU MS-320 \u00e9 o Ideal para a decora\u00e7\u00e3o na casa e escrit\u00f3rio.<\/p>\n<p>Esta s\u00e9rie MS \u00e9 perfeita para manter todos os tipos de peixes de \u00e1gua doce, r\u00e9pteis e outros tipos de paisagismo artificial.<\/p>\n<p>Aqu\u00e1rio com design inovador, apar\u00eancia elegante e f\u00e1cilidade de cuidados.<\/p>\n","protected":false},"excerpt":{"rendered":"<p>Este Aqu\u00e1rio BOYU MS-320 \u00e9 o Ideal para a decora\u00e7\u00e3o na casa e escrit\u00f3rio. Esta s\u00e9rie MS \u00e9 perfeita para manter todos os tipos de peixes de \u00e1gua doce, r\u00e9pteis e outros tipos de paisagismo artificial. Aqu\u00e1rio com design inovador, apar\u00eancia elegante e f\u00e1cilidade de cuidados.<\/p>\n","protected":false},"featured_media":803,"comment_status":"open","ping_status":"closed","template":"","meta":[],"product_cat":[75,72],"product_tag":[],"class_list":{"0":"post-802","1":"product","2":"type-product","3":"status-publish","4":"has-post-thumbnail","6":"product_cat-aquarios","7":"product_cat-peixes","9":"first","10":"instock","11":"shipping-taxable","12":"purchasable","13":"product-type-simple"},"_links":{"self":[{"href":"https:\/\/w3master.com.br\/modelo06\/wp-json\/wp\/v2\/product\/802"}],"collection":[{"href":"https:\/\/w3master.com.br\/modelo06\/wp-json\/wp\/v2\/product"}],"about":[{"href":"https:\/\/w3master.com.br\/modelo06\/wp-json\/wp\/v2\/types\/product"}],"replies":[{"embeddable":true,"href":"https:\/\/w3master.com.br\/modelo06\/wp-json\/wp\/v2\/comments?post=802"}],"wp:featuredmedia":[{"embeddable":true,"href":"https:\/\/w3master.com.br\/modelo06\/wp-json\/wp\/v2\/media\/803"}],"wp:attachment":[{"href":"https:\/\/w3master.com.br\/modelo06\/wp-json\/wp\/v2\/media?parent=802"}],"wp:term":[{"taxonomy":"product_cat","embeddable":true,"href":"https:\/\/w3master.com.br\/modelo06\/wp-json\/wp\/v2\/product_cat?post=802"},{"taxonomy":"product_tag","embeddable":true,"href":"https:\/\/w3master.com.br\/modelo06\/wp-json\/wp\/v2\/product_tag?post=802"}],"curies":[{"name":"wp","href":"https:\/\/api.w.org\/{rel}","templated":true}]}}