{"id":805,"date":"2024-10-08T15:55:10","date_gmt":"2024-10-08T18:55:10","guid":{"rendered":"https:\/\/w3master.com.br\/modelo06\/?post_type=product&#038;p=805"},"modified":"2024-10-08T16:05:35","modified_gmt":"2024-10-08T19:05:35","slug":"racao-nutropica-premium-para-coelho-adulto-nutropica-12kg","status":"publish","type":"product","link":"https:\/\/w3master.com.br\/modelo06\/product\/racao-nutropica-premium-para-coelho-adulto-nutropica-12kg\/","title":{"rendered":"Ra\u00e7\u00e3o Nutr\u00f3pica Premium para Coelho Adulto Nutr\u00f3pica &#8211; 1,2kg"},"content":{"rendered":"<p>Ra\u00e7\u00e3o Para Coelho Adulto Nutr\u00f3pica<\/p>\n<p>NuTr\u00f3pica Coelho Adulto \u00e9 um alimento extrusado completo, cientificamente formulado e especialmente desenvolvido para coelhos a partir dos 9 meses de idade, cont\u00e9m uma combina\u00e7\u00e3o exclusiva das mais nobres e saborosas mat\u00e9rias-primas n\u00e3o transg\u00eanicas, preparadas sob rigoroso controle de qualidade e utiliza as melhores t\u00e9cnicas em produ\u00e7\u00e3o de alimentos.<\/p>\n","protected":false},"excerpt":{"rendered":"<p>Ra\u00e7\u00e3o Para Coelho Adulto Nutr\u00f3pica NuTr\u00f3pica Coelho Adulto \u00e9 um alimento extrusado completo, cientificamente formulado e especialmente desenvolvido para coelhos a partir dos 9 meses de idade, cont\u00e9m uma combina\u00e7\u00e3o exclusiva das mais nobres e saborosas mat\u00e9rias-primas n\u00e3o transg\u00eanicas, preparadas sob rigoroso controle de qualidade e utiliza as melhores t\u00e9cnicas em produ\u00e7\u00e3o de alimentos.<\/p>\n","protected":false},"featured_media":811,"comment_status":"open","ping_status":"closed","template":"","meta":[],"product_cat":[77,79],"product_tag":[],"class_list":{"0":"post-805","1":"product","2":"type-product","3":"status-publish","4":"has-post-thumbnail","6":"product_cat-coelhos","7":"product_cat-racoes-coelhos","9":"first","10":"instock","11":"shipping-taxable","12":"purchasable","13":"product-type-simple"},"_links":{"self":[{"href":"https:\/\/w3master.com.br\/modelo06\/wp-json\/wp\/v2\/product\/805"}],"collection":[{"href":"https:\/\/w3master.com.br\/modelo06\/wp-json\/wp\/v2\/product"}],"about":[{"href":"https:\/\/w3master.com.br\/modelo06\/wp-json\/wp\/v2\/types\/product"}],"replies":[{"embeddable":true,"href":"https:\/\/w3master.com.br\/modelo06\/wp-json\/wp\/v2\/comments?post=805"}],"wp:featuredmedia":[{"embeddable":true,"href":"https:\/\/w3master.com.br\/modelo06\/wp-json\/wp\/v2\/media\/811"}],"wp:attachment":[{"href":"https:\/\/w3master.com.br\/modelo06\/wp-json\/wp\/v2\/media?parent=805"}],"wp:term":[{"taxonomy":"product_cat","embeddable":true,"href":"https:\/\/w3master.com.br\/modelo06\/wp-json\/wp\/v2\/product_cat?post=805"},{"taxonomy":"product_tag","embeddable":true,"href":"https:\/\/w3master.com.br\/modelo06\/wp-json\/wp\/v2\/product_tag?post=805"}],"curies":[{"name":"wp","href":"https:\/\/api.w.org\/{rel}","templated":true}]}}